{"id":25251,"date":"2019-10-07T03:19:38","date_gmt":"2019-10-07T03:19:38","guid":{"rendered":"https:\/\/westys.nl\/startseite\/"},"modified":"2023-10-26T21:30:38","modified_gmt":"2023-10-26T21:30:38","slug":"startseite","status":"publish","type":"page","link":"https:\/\/westys.nl\/de\/","title":{"rendered":"Startseite"},"content":{"rendered":"\t\t<div data-elementor-type=\"wp-page\" data-elementor-id=\"25251\" class=\"elementor elementor-25251 elementor-54\" data-elementor-post-type=\"page\">\n\t\t\t\t\t\t<div class=\"elementor-inner\">\n\t\t\t\t<div class=\"elementor-section-wrap\">\n\t\t\t\t\t\t\t\t\t<section class=\"elementor-section elementor-top-section elementor-element elementor-element-5dac63fb elementor-section-full_width elementor-section-stretched elementor-section-height-default elementor-section-height-default\" data-id=\"5dac63fb\" data-element_type=\"section\" data-settings=\"{&quot;stretch_section&quot;:&quot;section-stretched&quot;}\">\n\t\t\t\t\t\t<div class=\"elementor-container elementor-column-gap-no\">\n\t\t\t\t\t\t\t<div class=\"elementor-row\">\n\t\t\t\t\t<div class=\"elementor-column elementor-col-100 elementor-top-column elementor-element elementor-element-f001ca5\" data-id=\"f001ca5\" data-element_type=\"column\">\n\t\t\t<div class=\"elementor-column-wrap elementor-element-populated\">\n\t\t\t\t\t\t\t<div class=\"elementor-widget-wrap\">\n\t\t\t\t\t\t<div class=\"elementor-element elementor-element-f9441c7 elementor-widget elementor-widget-image\" data-id=\"f9441c7\" data-element_type=\"widget\" data-widget_type=\"image.default\">\n\t\t\t\t<div class=\"elementor-widget-container\">\n\t\t\t\t\t\t\t\t<div class=\"elementor-image\">\n\t\t\t\t\t\t\t\t\t\t\t\t<img fetchpriority=\"high\" decoding=\"async\" width=\"1438\" height=\"664\" src=\"https:\/\/westys.nl\/wp-content\/uploads\/2023\/08\/100864544_1711397452331917_3669388889677627392_o-e1613135243827aangepast.jpg\" class=\"attachment-full size-full wp-image-19381\" alt=\"\" \/>\t\t\t\t\t\t\t\t\t\t\t\t\t\t<\/div>\n\t\t\t\t\t\t<\/div>\n\t\t\t\t<\/div>\n\t\t\t\t\t\t<\/div>\n\t\t\t\t\t<\/div>\n\t\t<\/div>\n\t\t\t\t\t\t\t\t<\/div>\n\t\t\t\t\t<\/div>\n\t\t<\/section>\n\t\t\t\t<section class=\"elementor-section elementor-top-section elementor-element elementor-element-cc6ece5 elementor-section-boxed elementor-section-height-default elementor-section-height-default\" data-id=\"cc6ece5\" data-element_type=\"section\">\n\t\t\t\t\t\t<div class=\"elementor-container elementor-column-gap-default\">\n\t\t\t\t\t\t\t<div class=\"elementor-row\">\n\t\t\t\t\t<div class=\"elementor-column elementor-col-100 elementor-top-column elementor-element elementor-element-49290d8\" data-id=\"49290d8\" data-element_type=\"column\">\n\t\t\t<div class=\"elementor-column-wrap elementor-element-populated\">\n\t\t\t\t\t\t\t<div class=\"elementor-widget-wrap\">\n\t\t\t\t\t\t<div class=\"elementor-element elementor-element-432d918 elementor-widget elementor-widget-heading\" data-id=\"432d918\" data-element_type=\"widget\" data-widget_type=\"heading.default\">\n\t\t\t\t<div class=\"elementor-widget-container\">\n\t\t\t<h1 class=\"elementor-heading-title elementor-size-default\">Haben Sie Fragen oder suchen Sie etwas Bestimmtes?<\/h1>\t\t<\/div>\n\t\t\t\t<\/div>\n\t\t\t\t\t\t<\/div>\n\t\t\t\t\t<\/div>\n\t\t<\/div>\n\t\t\t\t\t\t\t\t<\/div>\n\t\t\t\t\t<\/div>\n\t\t<\/section>\n\t\t\t\t<section class=\"elementor-section elementor-top-section elementor-element elementor-element-b5d897f elementor-section-full_width elementor-section-stretched elementor-section-height-default elementor-section-height-default\" data-id=\"b5d897f\" data-element_type=\"section\" data-settings=\"{&quot;stretch_section&quot;:&quot;section-stretched&quot;}\">\n\t\t\t\t\t\t<div class=\"elementor-container elementor-column-gap-no\">\n\t\t\t\t\t\t\t<div class=\"elementor-row\">\n\t\t\t\t\t<div class=\"elementor-column elementor-col-100 elementor-top-column elementor-element elementor-element-a079f38\" data-id=\"a079f38\" data-element_type=\"column\">\n\t\t\t<div class=\"elementor-column-wrap elementor-element-populated\">\n\t\t\t\t\t\t\t<div class=\"elementor-widget-wrap\">\n\t\t\t\t\t\t<div class=\"elementor-element elementor-element-81adafa elementor-widget__width-initial elementor-widget elementor-widget-text-editor\" data-id=\"81adafa\" data-element_type=\"widget\" data-widget_type=\"text-editor.default\">\n\t\t\t\t<div class=\"elementor-widget-container\">\n\t\t\t\t\t\t\t\t<div class=\"elementor-text-editor elementor-clearfix\">\n\t\t\t\t<h4 class=\"elementor-heading-title elementor-size-default elementor-inline-editing pen\" style=\"text-align: center;\" contenteditable=\"true\" data-elementor-setting-key=\"title\" data-pen-placeholder=\"Hier typen...\"><span style=\"color: #f8f6c5;\">Bitte z\u00f6gern Sie nicht, uns \u00fcber den<span style=\"color: #ff6600;\"> <span style=\"color: #f8f6c5;\"><span style=\"color: #ff6600;\"> <span style=\"color: #ff6600;\">Nachrichten-Button<\/span> unten rechts<\/span><\/span> zu kontaktieren, und wir k\u00f6nnen Ihnen m\u00f6glicherweise helfen.<\/span><\/span><\/h4>\n\t\t\t\t\t<\/div>\n\t\t\t\t\t\t<\/div>\n\t\t\t\t<\/div>\n\t\t\t\t<div class=\"elementor-element elementor-element-b87fd77 elementor-widget elementor-widget-text-editor\" data-id=\"b87fd77\" data-element_type=\"widget\" data-widget_type=\"text-editor.default\">\n\t\t\t\t<div class=\"elementor-widget-container\">\n\t\t\t\t\t\t\t\t<div class=\"elementor-text-editor elementor-clearfix\">\n\t\t\t\t<h2 class=\"elementor-heading-title elementor-size-default elementor-inline-editing pen\" style=\"font-family: var( --e-global-typography-primary-font-family ), Sans-serif; font-weight: var( --e-global-typography-primary-font-weight ); text-align: center;\" data-elementor-setting-key=\"title\" data-pen-placeholder=\"Hier typen...\"><strong>Ben\u00f6tigen Sie Volkswagen Ersatzteile?<\/strong><\/h2>\n\t\t\t\t\t<\/div>\n\t\t\t\t\t\t<\/div>\n\t\t\t\t<\/div>\n\t\t\t\t\t\t<\/div>\n\t\t\t\t\t<\/div>\n\t\t<\/div>\n\t\t\t\t\t\t\t\t<\/div>\n\t\t\t\t\t<\/div>\n\t\t<\/section>\n\t\t<div class=\"elementor-element elementor-element-55c60a9 e-con-full e-flex e-con e-parent\" data-id=\"55c60a9\" data-element_type=\"container\" data-settings=\"{&quot;content_width&quot;:&quot;full&quot;}\" data-core-v316-plus=\"true\">\n\t\t<div class=\"elementor-element elementor-element-38acbdb e-con-full e-flex e-con e-child\" data-id=\"38acbdb\" data-element_type=\"container\" data-settings=\"{&quot;content_width&quot;:&quot;full&quot;}\">\n\t\t\t\t<div class=\"elementor-element elementor-element-24f4afd elementor-align-center elementor-widget elementor-widget-button\" data-id=\"24f4afd\" data-element_type=\"widget\" data-settings=\"{&quot;motion_fx_motion_fx_scrolling&quot;:&quot;yes&quot;,&quot;motion_fx_devices&quot;:[&quot;desktop&quot;,&quot;tablet&quot;,&quot;mobile&quot;]}\" data-widget_type=\"button.default\">\n\t\t\t\t<div class=\"elementor-widget-container\">\n\t\t\t\t\t<div class=\"elementor-button-wrapper\">\n\t\t\t<a class=\"elementor-button elementor-button-link elementor-size-md\" href=\"#\">\n\t\t\t\t\t\t<span class=\"elementor-button-content-wrapper\">\n\t\t\t\t\t\t<span class=\"elementor-button-text\">Max. 20% Rabatt<\/span>\n\t\t<\/span>\n\t\t\t\t\t<\/a>\n\t\t<\/div>\n\t\t\t\t<\/div>\n\t\t\t\t<\/div>\n\t\t\t\t<div class=\"elementor-element elementor-element-c957329 elementor-widget elementor-widget-text-editor\" data-id=\"c957329\" data-element_type=\"widget\" data-widget_type=\"text-editor.default\">\n\t\t\t\t<div class=\"elementor-widget-container\">\n\t\t\t\t\t\t\t\t<div class=\"elementor-text-editor elementor-clearfix\">\n\t\t\t\t<h6 style=\"text-align: center;\">Bestellen Sie Ihre BBT Volkswagen Teile \u00fcber Westy&#8217;s mit <span style=\"color: #ff6600;\">10% RABATT<\/span> und erhalten Sie einen <span style=\"color: #ff6600;\">EXTRA Rabattcode<\/span> per Post, der im Westy&#8217;s Webshop verwendet werden kann!<\/h6>\n<h6 style=\"text-align: center;\">Gehen Sie zum Men\u00fc und w\u00e4hlen Sie Volkswagen und dann BBT Shop oder klicken Sie <span style=\"color: #ff6600;\"><br \/>\n  <a style=\"color: #ff6600;\" href=\"https:\/\/newvwparts.westys.nl\/\"><br \/>\n    <em><br \/>\n      <span style=\"text-decoration: underline;\">hier<\/span><br \/>\n    <\/em><br \/>\n  <\/a><br \/>\n<\/span>. Der Rabatt von 10% wird automatisch auf die Produkte angewendet.<\/h6>\n<h6 style=\"text-align: center;\"><span style=\"color: #ff6600;\">Versandoptionen:<\/span><\/h6>\n<h6 style=\"text-align: center;\">Option 1: Lassen Sie es direkt von BAT versenden. Das geht je nach Standort wohl schneller und g\u00fcnstiger. Nach der Bestellung erhalten Sie den zus\u00e4tzlichen Rabattcode per E-Mail von Westy&#8217;s.<\/h6>\n<h6 style=\"text-align: center;\">Option 2: BBT-Teile mit einer Westy&#8217;s-Bestellung versenden lassen. Das ist vor allem dann interessant, wenn der Standort weiter entfernt ist. Dazu teilen Sie uns bitte die BAT-Artikelcodes mit. Wir senden Ihnen die Rechnung zu. Sobald es bezahlt wurde, erhalten Sie den zus\u00e4tzlichen Rabattcode per E-Mail von Westy&#8217;s.<\/h6>\n<div>\n<div>\n<div>\n<h6 style=\"font-family: Roboto, sans-serif; color: #f8f6c5; text-align: center;\"><span style=\"color: #ff6600;\">RABATTCODE<\/span><\/h6>\n<div>\n<h6 style=\"font-family: Roboto, sans-serif; color: #f8f6c5; text-align: center;\">Der Rabattcode kann bis max <span style=\"color: #ff6600;\">. 20%<\/span> betragen. Dies h\u00e4ngt vom <span style=\"color: #ff6600;\">Gesamtwert des Produkts<\/span> von BBT ab und beinhaltet <span style=\"color: #ff6600;\">keine<\/span> Versandkosten.<\/h6>\n<h6 style=\"font-family: Roboto, sans-serif; color: #f8f6c5; text-align: center;\">bis zu 200 \u20ac = 5% Rabatt<\/h6>\n<h6 style=\"font-family: Roboto, sans-serif; color: #f8f6c5; text-align: center;\">von 201 \u20ac bis 300 \u20ac = 10% Rabatt<\/h6>\n<h6 style=\"font-family: Roboto, sans-serif; color: #f8f6c5; text-align: center;\">von 301 \u20ac bis 500 \u20ac = 20% Rabatt<\/h6>\n<h6 style=\"font-family: Roboto, sans-serif; color: #f8f6c5; text-align: center;\">Der Rabatt ist <span style=\"color: #ff6600;\">12 Monate<\/span> g\u00fcltig und kann <span style=\"color: #ff6600;\">einmalig<\/span> im <span style=\"color: #ff6600;\">gesamten<\/span> Westy&#8217;s Webshop genutzt werden!<\/h6>\n<\/div>\n<\/div>\n<\/div>\n<\/div>\n\t\t\t\t\t<\/div>\n\t\t\t\t\t\t<\/div>\n\t\t\t\t<\/div>\n\t\t\t\t<div class=\"elementor-element elementor-element-37b1d6a elementor-align-center elementor-invisible elementor-widget elementor-widget-button\" data-id=\"37b1d6a\" data-element_type=\"widget\" data-settings=\"{&quot;motion_fx_motion_fx_mouse&quot;:&quot;yes&quot;,&quot;motion_fx_mouseTrack_effect&quot;:&quot;yes&quot;,&quot;motion_fx_mouseTrack_speed&quot;:{&quot;unit&quot;:&quot;px&quot;,&quot;size&quot;:0,&quot;sizes&quot;:[]},&quot;_animation&quot;:&quot;pulse&quot;}\" data-widget_type=\"button.default\">\n\t\t\t\t<div class=\"elementor-widget-container\">\n\t\t\t\t\t<div class=\"elementor-button-wrapper\">\n\t\t\t<a class=\"elementor-button elementor-button-link elementor-size-xl\" href=\"https:\/\/newvwparts.westys.nl\/\">\n\t\t\t\t\t\t<span class=\"elementor-button-content-wrapper\">\n\t\t\t\t\t\t<span class=\"elementor-button-text\">BBT-LADEN<\/span>\n\t\t<\/span>\n\t\t\t\t\t<\/a>\n\t\t<\/div>\n\t\t\t\t<\/div>\n\t\t\t\t<\/div>\n\t\t\t\t<\/div>\n\t\t<div class=\"elementor-element elementor-element-4e0c2a4 e-con-full e-flex e-con e-child\" data-id=\"4e0c2a4\" data-element_type=\"container\" data-settings=\"{&quot;content_width&quot;:&quot;full&quot;}\">\n\t\t\t\t<div class=\"elementor-element elementor-element-d03c17b elementor-widget elementor-widget-image\" data-id=\"d03c17b\" data-element_type=\"widget\" data-widget_type=\"image.default\">\n\t\t\t\t<div class=\"elementor-widget-container\">\n\t\t\t\t\t\t\t\t<div class=\"elementor-image\">\n\t\t\t\t\t\t\t\t\t\t\t\t<img decoding=\"async\" width=\"800\" height=\"533\" src=\"https:\/\/westys.nl\/wp-content\/uploads\/2021\/02\/109365694_3416760068348687_2325359349108769108_o.jpg?v=1722843519\" class=\"attachment-large size-large wp-image-11924\" alt=\"\" \/>\t\t\t\t\t\t\t\t\t\t\t\t\t\t<\/div>\n\t\t\t\t\t\t<\/div>\n\t\t\t\t<\/div>\n\t\t\t\t<div class=\"elementor-element elementor-element-13f6d53 elementor-widget elementor-widget-image\" data-id=\"13f6d53\" data-element_type=\"widget\" data-widget_type=\"image.default\">\n\t\t\t\t<div class=\"elementor-widget-container\">\n\t\t\t\t\t\t\t\t<div class=\"elementor-image\">\n\t\t\t\t\t\t\t\t\t\t\t\t<img decoding=\"async\" width=\"1498\" height=\"855\" src=\"https:\/\/westys.nl\/wp-content\/uploads\/2021\/02\/Westfalia-foto-5.jpg?v=1722843519\" class=\"attachment-full size-full wp-image-11969\" alt=\"\" \/>\t\t\t\t\t\t\t\t\t\t\t\t\t\t<\/div>\n\t\t\t\t\t\t<\/div>\n\t\t\t\t<\/div>\n\t\t\t\t<\/div>\n\t\t\t\t<\/div>\n\t\t\t\t\t\t\t\t\t<\/div>\n\t\t\t<\/div>\n\t\t\t\t\t<\/div>\n\t\t","protected":false},"excerpt":{"rendered":"<p>Haben Sie Fragen oder suchen Sie etwas Bestimmtes? Bitte z\u00f6gern Sie nicht, uns \u00fcber den Nachrichten-Button unten rechts zu kontaktieren, und wir k\u00f6nnen Ihnen m\u00f6glicherweise helfen. Ben\u00f6tigen Sie Volkswagen Ersatzteile? Max. 20% Rabatt Bestellen Sie Ihre BBT Volkswagen Teile \u00fcber Westy&#8217;s mit 10% RABATT und erhalten Sie einen EXTRA Rabattcode per Post, der im Westy&#8217;s [&hellip;]<\/p>\n","protected":false},"author":2,"featured_media":0,"parent":0,"menu_order":0,"comment_status":"closed","ping_status":"closed","template":"elementor_header_footer","meta":{"footnotes":""},"_links":{"self":[{"href":"https:\/\/westys.nl\/de\/wp-json\/wp\/v2\/pages\/25251"}],"collection":[{"href":"https:\/\/westys.nl\/de\/wp-json\/wp\/v2\/pages"}],"about":[{"href":"https:\/\/westys.nl\/de\/wp-json\/wp\/v2\/types\/page"}],"author":[{"embeddable":true,"href":"https:\/\/westys.nl\/de\/wp-json\/wp\/v2\/users\/2"}],"replies":[{"embeddable":true,"href":"https:\/\/westys.nl\/de\/wp-json\/wp\/v2\/comments?post=25251"}],"version-history":[{"count":13,"href":"https:\/\/westys.nl\/de\/wp-json\/wp\/v2\/pages\/25251\/revisions"}],"predecessor-version":[{"id":26896,"href":"https:\/\/westys.nl\/de\/wp-json\/wp\/v2\/pages\/25251\/revisions\/26896"}],"wp:attachment":[{"href":"https:\/\/westys.nl\/de\/wp-json\/wp\/v2\/media?parent=25251"}],"curies":[{"name":"wp","href":"https:\/\/api.w.org\/{rel}","templated":true}]}}