{"id":24444,"date":"2023-09-06T19:02:01","date_gmt":"2023-09-06T19:02:01","guid":{"rendered":"https:\/\/westys.nl\/product\/oldtimer-westfalia-wohnwagen-regenschutz-1490-mm-gebraucht\/"},"modified":"2025-02-24T21:02:02","modified_gmt":"2025-02-24T21:02:02","slug":"oldtimer-westfalia-wohnwagen-regenschutz-schirm-1490-mm-gebraucht","status":"publish","type":"product","link":"https:\/\/westys.nl\/de\/product\/oldtimer-westfalia-wohnwagen-regenschutz-schirm-1490-mm-gebraucht\/","title":{"rendered":"Oldtimer Westfalia Wohnwagen Regenschutz 1490 mm (Gebraucht)"},"content":{"rendered":"<p>Gebrauchte Westfalia Wohnwagen regen Bildschirm. Geeignet f\u00fcr verschiedene Wohnwagentypen. Der Regenschutz wurde verwendet. Das bedeutet, dass es Rost, Kratzer und andere Gebrauchsspuren aufweisen kann. Dieses Produkt kann auch eingef\u00e4rbt sein oder Spuren von Farbe enthalten.<\/p>\n<p>Etwa 1490 mm.<\/p>\n<p>Achtung! Die automatisch berechneten Versandkosten k\u00f6nnen je nach Standort von den tats\u00e4chlichen Kosten abweichen.<\/p>\n","protected":false},"excerpt":{"rendered":"<p>Gebrauchte Westfalia Wohnwagen regen Bildschirm. Geeignet f\u00fcr verschiedene Wohnwagentypen. Der Regenschutz wurde verwendet. Das bedeutet, dass es Rost, Kratzer und andere Gebrauchsspuren aufweisen kann. Dieses Produkt kann auch eingef\u00e4rbt sein oder Spuren von Farbe enthalten. Etwa 1490 mm. Achtung! Die automatisch berechneten Versandkosten k\u00f6nnen je nach Standort von den tats\u00e4chlichen Kosten abweichen.<\/p>\n","protected":false},"featured_media":0,"template":"","meta":[],"product_cat":[690,688],"product_tag":[],"_links":{"self":[{"href":"https:\/\/westys.nl\/de\/wp-json\/wp\/v2\/product\/24444"}],"collection":[{"href":"https:\/\/westys.nl\/de\/wp-json\/wp\/v2\/product"}],"about":[{"href":"https:\/\/westys.nl\/de\/wp-json\/wp\/v2\/types\/product"}],"version-history":[{"count":0,"href":"https:\/\/westys.nl\/de\/wp-json\/wp\/v2\/product\/24444\/revisions"}],"wp:attachment":[{"href":"https:\/\/westys.nl\/de\/wp-json\/wp\/v2\/media?parent=24444"}],"wp:term":[{"taxonomy":"product_cat","embeddable":true,"href":"https:\/\/westys.nl\/de\/wp-json\/wp\/v2\/product_cat?post=24444"},{"taxonomy":"product_tag","embeddable":true,"href":"https:\/\/westys.nl\/de\/wp-json\/wp\/v2\/product_tag?post=24444"}],"curies":[{"name":"wp","href":"https:\/\/api.w.org\/{rel}","templated":true}]}}