{"id":25314,"date":"2021-07-08T11:43:35","date_gmt":"2021-07-08T11:43:35","guid":{"rendered":"https:\/\/westys.nl\/product\/oldtimer-westfalia-anhaenger-k12809-plombe-nummernschildbeleuchtung\/"},"modified":"2021-07-08T11:43:35","modified_gmt":"2021-07-08T11:43:35","slug":"oldtimer-westfalia-anhaenger-dichtung-t-b-v-kennzeichen-beleuchtung","status":"publish","type":"product","link":"https:\/\/westys.nl\/de\/product\/oldtimer-westfalia-anhaenger-dichtung-t-b-v-kennzeichen-beleuchtung\/","title":{"rendered":"Oldtimer Westfalia Anh\u00e4nger K12809 Plombe Nummernschildbeleuchtung"},"content":{"rendered":"<p>Das Westfalia-Siegel f\u00fcr die Kennzeichenbeleuchtung ist eine Nachbildung. Dieses Teil dient als Dichtung zwischen dem Metallgeh\u00e4use der Lampe und dem Korpus.<\/p>\n","protected":false},"excerpt":{"rendered":"<p>Das Westfalia-Siegel f\u00fcr die Kennzeichenbeleuchtung ist eine Nachbildung. Dieses Teil dient als Dichtung zwischen dem Metallgeh\u00e4use der Lampe und dem Korpus.<\/p>\n","protected":false},"featured_media":21975,"template":"","meta":[],"product_cat":[729,692,695,693,698,703,686,687,896,696,706,702,707,699,705,701,694,700,691,697,689,728,690,704,688],"product_tag":[],"_links":{"self":[{"href":"https:\/\/westys.nl\/de\/wp-json\/wp\/v2\/product\/25314"}],"collection":[{"href":"https:\/\/westys.nl\/de\/wp-json\/wp\/v2\/product"}],"about":[{"href":"https:\/\/westys.nl\/de\/wp-json\/wp\/v2\/types\/product"}],"version-history":[{"count":0,"href":"https:\/\/westys.nl\/de\/wp-json\/wp\/v2\/product\/25314\/revisions"}],"wp:featuredmedia":[{"embeddable":true,"href":"https:\/\/westys.nl\/de\/wp-json\/wp\/v2\/media\/21975"}],"wp:attachment":[{"href":"https:\/\/westys.nl\/de\/wp-json\/wp\/v2\/media?parent=25314"}],"wp:term":[{"taxonomy":"product_cat","embeddable":true,"href":"https:\/\/westys.nl\/de\/wp-json\/wp\/v2\/product_cat?post=25314"},{"taxonomy":"product_tag","embeddable":true,"href":"https:\/\/westys.nl\/de\/wp-json\/wp\/v2\/product_tag?post=25314"}],"curies":[{"name":"wp","href":"https:\/\/api.w.org\/{rel}","templated":true}]}}