{"id":25325,"date":"2023-09-04T09:56:56","date_gmt":"2023-09-04T09:56:56","guid":{"rendered":"https:\/\/westys.nl\/product\/oldtimer-westfalia-anhaenger-scharnier-ovaler-ring\/"},"modified":"2023-09-04T09:56:56","modified_gmt":"2023-09-04T09:56:56","slug":"oldtimer-westfalia-anhanger-scharnier-oval-ring","status":"publish","type":"product","link":"https:\/\/westys.nl\/de\/product\/oldtimer-westfalia-anhanger-scharnier-oval-ring\/","title":{"rendered":"Oldtimer Westfalia Anh\u00e4nger Scharnier ovaler Ring"},"content":{"rendered":"<p>Oldtimer Westfalia Anh\u00e4ngerscharnier ovaler Ring. Dieser Ring ist eine Nachbildung und dient zur Sicherung der Scharniere.<\/p>\n<p>Der Abstand der L\u00f6cher von Mitte zu Mitte betr\u00e4gt 40 mm.<\/p>\n<p>Das Blech besteht aus Stahl und muss nachbehandelt werden.<\/p>\n","protected":false},"excerpt":{"rendered":"<p>Oldtimer Westfalia Anh\u00e4ngerscharnier ovaler Ring. Dieser Ring ist eine Nachbildung und dient zur Sicherung der Scharniere. Der Abstand der L\u00f6cher von Mitte zu Mitte betr\u00e4gt 40 mm. Das Blech besteht aus Stahl und muss nachbehandelt werden.<\/p>\n","protected":false},"featured_media":23049,"template":"","meta":[],"product_cat":[793,813,703,686,687,706,702,707,705],"product_tag":[],"_links":{"self":[{"href":"https:\/\/westys.nl\/de\/wp-json\/wp\/v2\/product\/25325"}],"collection":[{"href":"https:\/\/westys.nl\/de\/wp-json\/wp\/v2\/product"}],"about":[{"href":"https:\/\/westys.nl\/de\/wp-json\/wp\/v2\/types\/product"}],"version-history":[{"count":0,"href":"https:\/\/westys.nl\/de\/wp-json\/wp\/v2\/product\/25325\/revisions"}],"wp:featuredmedia":[{"embeddable":true,"href":"https:\/\/westys.nl\/de\/wp-json\/wp\/v2\/media\/23049"}],"wp:attachment":[{"href":"https:\/\/westys.nl\/de\/wp-json\/wp\/v2\/media?parent=25325"}],"wp:term":[{"taxonomy":"product_cat","embeddable":true,"href":"https:\/\/westys.nl\/de\/wp-json\/wp\/v2\/product_cat?post=25325"},{"taxonomy":"product_tag","embeddable":true,"href":"https:\/\/westys.nl\/de\/wp-json\/wp\/v2\/product_tag?post=25325"}],"curies":[{"name":"wp","href":"https:\/\/api.w.org\/{rel}","templated":true}]}}