{"id":25327,"date":"2023-08-29T19:12:37","date_gmt":"2023-08-29T19:12:37","guid":{"rendered":"https:\/\/westys.nl\/product\/oldtimer-westfalia-anhaenger-radabdeckung-193-cm-gebraucht\/"},"modified":"2023-10-02T19:42:23","modified_gmt":"2023-10-02T19:42:23","slug":"oldtimer-westfalia-anhanger-radkappe-193-cm-gebraucht","status":"publish","type":"product","link":"https:\/\/westys.nl\/de\/product\/oldtimer-westfalia-anhanger-radkappe-193-cm-gebraucht\/","title":{"rendered":"Oldtimer Westfalia Anh\u00e4nger Radabdeckung 19,3 cm (gebraucht)"},"content":{"rendered":"<p>Die Westfalia Anh\u00e4nger-Radabdeckung ist ein Originalprodukt und wird bei Wohnwagen und Anh\u00e4ngern verwendet. Diese Radkappe ist gebraucht. Das bedeutet, dass es in irgendeiner Form Gebrauchsspuren wie Oxidation, Kratzer, Dellen, Farbe usw. aufweisen kann.<\/p>\n<p>Innendurchmesser ca. 19,3 cm.<\/p>\n<p>Aluminium<\/p>\n<p>Dieses Produkt kann von der Abbildung abweichen.<\/p>\n<p>&nbsp;<\/p>\n<p>&nbsp;<\/p>\n","protected":false},"excerpt":{"rendered":"<p>Die Westfalia Anh\u00e4nger-Radabdeckung ist ein Originalprodukt und wird bei Wohnwagen und Anh\u00e4ngern verwendet. Diese Radkappe ist gebraucht. Das bedeutet, dass es in irgendeiner Form Gebrauchsspuren wie Oxidation, Kratzer, Dellen, Farbe usw. aufweisen kann. Innendurchmesser ca. 19,3 cm. Aluminium Dieses Produkt kann von der Abbildung abweichen. &nbsp; &nbsp;<\/p>\n","protected":false},"featured_media":0,"template":"","meta":[],"product_cat":[756,692,695,693,698,703,686,687,896,696,706,702,707,699,705,701,694,700,691,697,689,728,690,704,688],"product_tag":[],"_links":{"self":[{"href":"https:\/\/westys.nl\/de\/wp-json\/wp\/v2\/product\/25327"}],"collection":[{"href":"https:\/\/westys.nl\/de\/wp-json\/wp\/v2\/product"}],"about":[{"href":"https:\/\/westys.nl\/de\/wp-json\/wp\/v2\/types\/product"}],"version-history":[{"count":1,"href":"https:\/\/westys.nl\/de\/wp-json\/wp\/v2\/product\/25327\/revisions"}],"predecessor-version":[{"id":25332,"href":"https:\/\/westys.nl\/de\/wp-json\/wp\/v2\/product\/25327\/revisions\/25332"}],"wp:attachment":[{"href":"https:\/\/westys.nl\/de\/wp-json\/wp\/v2\/media?parent=25327"}],"wp:term":[{"taxonomy":"product_cat","embeddable":true,"href":"https:\/\/westys.nl\/de\/wp-json\/wp\/v2\/product_cat?post=25327"},{"taxonomy":"product_tag","embeddable":true,"href":"https:\/\/westys.nl\/de\/wp-json\/wp\/v2\/product_tag?post=25327"}],"curies":[{"name":"wp","href":"https:\/\/api.w.org\/{rel}","templated":true}]}}