{"id":25510,"date":"2023-05-22T08:29:05","date_gmt":"2023-05-22T08:29:05","guid":{"rendered":"https:\/\/westys.nl\/product\/oldtimer-westfalia-anhaenger-k13319-glas-gebraucht\/"},"modified":"2023-10-03T10:09:47","modified_gmt":"2023-10-03T10:09:47","slug":"oldtimer-westfalia-auflieger-k13319-glas-gebraucht","status":"publish","type":"product","link":"https:\/\/westys.nl\/de\/product\/oldtimer-westfalia-auflieger-k13319-glas-gebraucht\/","title":{"rendered":"Oldtimer Westfalia Anh\u00e4nger K13319 Glas (gebraucht)"},"content":{"rendered":"<p>Das Westfalia Glas f\u00fcr R\u00fccklicht K13319 ist ein Originalprodukt. Dieses Glas ist benutzt worden. Das bedeutet, dass es leichte Gebrauchsspuren aufweisen kann.<\/p>\n<p>&nbsp;<\/p>\n","protected":false},"excerpt":{"rendered":"<p>Das Westfalia Glas f\u00fcr R\u00fccklicht K13319 ist ein Originalprodukt. Dieses Glas ist benutzt worden. Das bedeutet, dass es leichte Gebrauchsspuren aufweisen kann. &nbsp;<\/p>\n","protected":false},"featured_media":22860,"template":"","meta":[],"product_cat":[692,695,693,698,703,686,687,896,696,706,702,707,699,705,701,694,700,691,697,689,728,690,704,688],"product_tag":[],"_links":{"self":[{"href":"https:\/\/westys.nl\/de\/wp-json\/wp\/v2\/product\/25510"}],"collection":[{"href":"https:\/\/westys.nl\/de\/wp-json\/wp\/v2\/product"}],"about":[{"href":"https:\/\/westys.nl\/de\/wp-json\/wp\/v2\/types\/product"}],"version-history":[{"count":1,"href":"https:\/\/westys.nl\/de\/wp-json\/wp\/v2\/product\/25510\/revisions"}],"predecessor-version":[{"id":25572,"href":"https:\/\/westys.nl\/de\/wp-json\/wp\/v2\/product\/25510\/revisions\/25572"}],"wp:featuredmedia":[{"embeddable":true,"href":"https:\/\/westys.nl\/de\/wp-json\/wp\/v2\/media\/22860"}],"wp:attachment":[{"href":"https:\/\/westys.nl\/de\/wp-json\/wp\/v2\/media?parent=25510"}],"wp:term":[{"taxonomy":"product_cat","embeddable":true,"href":"https:\/\/westys.nl\/de\/wp-json\/wp\/v2\/product_cat?post=25510"},{"taxonomy":"product_tag","embeddable":true,"href":"https:\/\/westys.nl\/de\/wp-json\/wp\/v2\/product_tag?post=25510"}],"curies":[{"name":"wp","href":"https:\/\/api.w.org\/{rel}","templated":true}]}}