{"id":25526,"date":"2023-05-24T11:54:42","date_gmt":"2023-05-24T11:54:42","guid":{"rendered":"https:\/\/westys.nl\/product\/oldtimer-westfalia-anhaengerkotfluegel-gummi-schwarz\/"},"modified":"2023-10-03T10:09:51","modified_gmt":"2023-10-03T10:09:51","slug":"oldtimer-westfalia-anhaenger-fender-gummi-schwarz","status":"publish","type":"product","link":"https:\/\/westys.nl\/de\/product\/oldtimer-westfalia-anhaenger-fender-gummi-schwarz\/","title":{"rendered":"Oldtimer Westfalia Anh\u00e4ngerkotfl\u00fcgel Gummi schwarz"},"content":{"rendered":"<p>Oldtimer Westfalia Anh\u00e4nger Fl\u00fcgelgummi schwarz. Dieses Gummi ist 1,50 Meter lang und sitzt zwischen dem Fl\u00fcgel und dem Rumpf.<\/p>\n","protected":false},"excerpt":{"rendered":"<p>Oldtimer Westfalia Anh\u00e4nger Fl\u00fcgelgummi schwarz. Dieses Gummi ist 1,50 Meter lang und sitzt zwischen dem Fl\u00fcgel und dem Rumpf.<\/p>\n","protected":false},"featured_media":22881,"template":"","meta":[],"product_cat":[729,786,692,695,776,693,698,703,686,687,896,696,706,702,707,699,705,777,701,694,700,697,689,728,690,704],"product_tag":[],"_links":{"self":[{"href":"https:\/\/westys.nl\/de\/wp-json\/wp\/v2\/product\/25526"}],"collection":[{"href":"https:\/\/westys.nl\/de\/wp-json\/wp\/v2\/product"}],"about":[{"href":"https:\/\/westys.nl\/de\/wp-json\/wp\/v2\/types\/product"}],"version-history":[{"count":1,"href":"https:\/\/westys.nl\/de\/wp-json\/wp\/v2\/product\/25526\/revisions"}],"predecessor-version":[{"id":25580,"href":"https:\/\/westys.nl\/de\/wp-json\/wp\/v2\/product\/25526\/revisions\/25580"}],"wp:featuredmedia":[{"embeddable":true,"href":"https:\/\/westys.nl\/de\/wp-json\/wp\/v2\/media\/22881"}],"wp:attachment":[{"href":"https:\/\/westys.nl\/de\/wp-json\/wp\/v2\/media?parent=25526"}],"wp:term":[{"taxonomy":"product_cat","embeddable":true,"href":"https:\/\/westys.nl\/de\/wp-json\/wp\/v2\/product_cat?post=25526"},{"taxonomy":"product_tag","embeddable":true,"href":"https:\/\/westys.nl\/de\/wp-json\/wp\/v2\/product_tag?post=25526"}],"curies":[{"name":"wp","href":"https:\/\/api.w.org\/{rel}","templated":true}]}}