{"id":25529,"date":"2023-06-20T13:22:08","date_gmt":"2023-06-20T13:22:08","guid":{"rendered":"https:\/\/westys.nl\/product\/oldtimer-westfalia-anhaenger-k3211-glas-gebraucht\/"},"modified":"2023-10-03T10:09:39","modified_gmt":"2023-10-03T10:09:39","slug":"oldtimer-westfalia-auflieger-k3211-glas-gebraucht","status":"publish","type":"product","link":"https:\/\/westys.nl\/de\/product\/oldtimer-westfalia-auflieger-k3211-glas-gebraucht\/","title":{"rendered":"Oldtimer Westfalia Anh\u00e4nger K3211 Glas (gebraucht)"},"content":{"rendered":"<p>Das Westfalia Glas f\u00fcr R\u00fccklicht K3211 ist ein Originalprodukt. Dieses Glas ist benutzt worden. Das bedeutet, dass es in irgendeiner Form Gebrauchsspuren aufweisen kann.<\/p>\n<p>&nbsp;<\/p>\n","protected":false},"excerpt":{"rendered":"<p>Das Westfalia Glas f\u00fcr R\u00fccklicht K3211 ist ein Originalprodukt. Dieses Glas ist benutzt worden. Das bedeutet, dass es in irgendeiner Form Gebrauchsspuren aufweisen kann. &nbsp;<\/p>\n","protected":false},"featured_media":22902,"template":"","meta":[],"product_cat":[692,695,693,698,703,686,687,896,696,706,702,707,699,705,701,694,700,691,697,689,728,690,704,688],"product_tag":[],"_links":{"self":[{"href":"https:\/\/westys.nl\/de\/wp-json\/wp\/v2\/product\/25529"}],"collection":[{"href":"https:\/\/westys.nl\/de\/wp-json\/wp\/v2\/product"}],"about":[{"href":"https:\/\/westys.nl\/de\/wp-json\/wp\/v2\/types\/product"}],"version-history":[{"count":1,"href":"https:\/\/westys.nl\/de\/wp-json\/wp\/v2\/product\/25529\/revisions"}],"predecessor-version":[{"id":25559,"href":"https:\/\/westys.nl\/de\/wp-json\/wp\/v2\/product\/25529\/revisions\/25559"}],"wp:featuredmedia":[{"embeddable":true,"href":"https:\/\/westys.nl\/de\/wp-json\/wp\/v2\/media\/22902"}],"wp:attachment":[{"href":"https:\/\/westys.nl\/de\/wp-json\/wp\/v2\/media?parent=25529"}],"wp:term":[{"taxonomy":"product_cat","embeddable":true,"href":"https:\/\/westys.nl\/de\/wp-json\/wp\/v2\/product_cat?post=25529"},{"taxonomy":"product_tag","embeddable":true,"href":"https:\/\/westys.nl\/de\/wp-json\/wp\/v2\/product_tag?post=25529"}],"curies":[{"name":"wp","href":"https:\/\/api.w.org\/{rel}","templated":true}]}}