{"id":25542,"date":"2023-05-10T18:53:28","date_gmt":"2023-05-10T18:53:28","guid":{"rendered":"https:\/\/westys.nl\/product\/oldtimer-westfalia-wohnwagen-blech-ecke-rechts-vorne-gebraucht\/"},"modified":"2023-10-03T10:09:42","modified_gmt":"2023-10-03T10:09:42","slug":"oldtimer-westfalia-wohnwagen-verbau-ecke-rechts-fur-gebraucht","status":"publish","type":"product","link":"https:\/\/westys.nl\/de\/product\/oldtimer-westfalia-wohnwagen-verbau-ecke-rechts-fur-gebraucht\/","title":{"rendered":"Oldtimer Westfalia Wohnwagen Blech Ecke rechts vorne (gebraucht)"},"content":{"rendered":"<p>Westfalia-Wohnwagenbleche sind ein Originalprodukt und werden in Wohnwagen verwendet. Die Bleche werden verwendet. Das bedeutet, dass es einige Gebrauchsspuren wie Rost, Beulen, Kratzer, Farbe usw. aufweisen kann.<\/p>\n<p>Vordere rechte Ecke. Unter- und Oberseite sind in schlechtem Zustand.<\/p>\n<p>Auf der Innenseite des Blechs k\u00f6nnen noch Verst\u00e4rkungen usw. vorhanden sein.<\/p>\n<p>Vielleicht auch in anderen Anh\u00e4ngern verwendbar.<\/p>\n<p>&nbsp;<\/p>\n","protected":false},"excerpt":{"rendered":"<p>Westfalia-Wohnwagenbleche sind ein Originalprodukt und werden in Wohnwagen verwendet. Die Bleche werden verwendet. Das bedeutet, dass es einige Gebrauchsspuren wie Rost, Beulen, Kratzer, Farbe usw. aufweisen kann. Vordere rechte Ecke. Unter- und Oberseite sind in schlechtem Zustand. Auf der Innenseite des Blechs k\u00f6nnen noch Verst\u00e4rkungen usw. vorhanden sein. Vielleicht auch in anderen Anh\u00e4ngern verwendbar. &nbsp;<\/p>\n","protected":false},"featured_media":22854,"template":"","meta":[],"product_cat":[793,696,689,690,688],"product_tag":[],"_links":{"self":[{"href":"https:\/\/westys.nl\/de\/wp-json\/wp\/v2\/product\/25542"}],"collection":[{"href":"https:\/\/westys.nl\/de\/wp-json\/wp\/v2\/product"}],"about":[{"href":"https:\/\/westys.nl\/de\/wp-json\/wp\/v2\/types\/product"}],"version-history":[{"count":1,"href":"https:\/\/westys.nl\/de\/wp-json\/wp\/v2\/product\/25542\/revisions"}],"predecessor-version":[{"id":25563,"href":"https:\/\/westys.nl\/de\/wp-json\/wp\/v2\/product\/25542\/revisions\/25563"}],"wp:featuredmedia":[{"embeddable":true,"href":"https:\/\/westys.nl\/de\/wp-json\/wp\/v2\/media\/22854"}],"wp:attachment":[{"href":"https:\/\/westys.nl\/de\/wp-json\/wp\/v2\/media?parent=25542"}],"wp:term":[{"taxonomy":"product_cat","embeddable":true,"href":"https:\/\/westys.nl\/de\/wp-json\/wp\/v2\/product_cat?post=25542"},{"taxonomy":"product_tag","embeddable":true,"href":"https:\/\/westys.nl\/de\/wp-json\/wp\/v2\/product_tag?post=25542"}],"curies":[{"name":"wp","href":"https:\/\/api.w.org\/{rel}","templated":true}]}}