{"id":25544,"date":"2023-05-26T09:51:13","date_gmt":"2023-05-26T09:51:13","guid":{"rendered":"https:\/\/westys.nl\/product\/oldtimer-westfalia-anhaenger-rangierhilfswagen\/"},"modified":"2023-10-03T10:09:45","modified_gmt":"2023-10-03T10:09:45","slug":"oldtimer-westfalia-anhaenger-reichweiten-hilfe","status":"publish","type":"product","link":"https:\/\/westys.nl\/de\/product\/oldtimer-westfalia-anhaenger-reichweiten-hilfe\/","title":{"rendered":"Oldtimer Westfalia Anh\u00e4nger Rangierhilfswagen"},"content":{"rendered":"<p><span lang=\"en\">Westfalia Anh\u00e4nger\/Wohnwagen Rangierhilfe\/Wagen.<br \/>\n<\/span><\/p>\n<p>&#8211; Ideal f\u00fcr den sicheren Transport von Anh\u00e4ngern, Wohnwagen, Bootsanh\u00e4ngern, Faltanh\u00e4ngern usw.<br \/>\n&#8211; Praktisch zum Man\u00f6vrieren in engen R\u00e4umen!<\/p>\n<p>&nbsp;<\/p>\n","protected":false},"excerpt":{"rendered":"<p>Westfalia Anh\u00e4nger\/Wohnwagen Rangierhilfe\/Wagen. &#8211; Ideal f\u00fcr den sicheren Transport von Anh\u00e4ngern, Wohnwagen, Bootsanh\u00e4ngern, Faltanh\u00e4ngern usw. &#8211; Praktisch zum Man\u00f6vrieren in engen R\u00e4umen! &nbsp;<\/p>\n","protected":false},"featured_media":22899,"template":"","meta":[],"product_cat":[797],"product_tag":[],"_links":{"self":[{"href":"https:\/\/westys.nl\/de\/wp-json\/wp\/v2\/product\/25544"}],"collection":[{"href":"https:\/\/westys.nl\/de\/wp-json\/wp\/v2\/product"}],"about":[{"href":"https:\/\/westys.nl\/de\/wp-json\/wp\/v2\/types\/product"}],"version-history":[{"count":1,"href":"https:\/\/westys.nl\/de\/wp-json\/wp\/v2\/product\/25544\/revisions"}],"predecessor-version":[{"id":25568,"href":"https:\/\/westys.nl\/de\/wp-json\/wp\/v2\/product\/25544\/revisions\/25568"}],"wp:featuredmedia":[{"embeddable":true,"href":"https:\/\/westys.nl\/de\/wp-json\/wp\/v2\/media\/22899"}],"wp:attachment":[{"href":"https:\/\/westys.nl\/de\/wp-json\/wp\/v2\/media?parent=25544"}],"wp:term":[{"taxonomy":"product_cat","embeddable":true,"href":"https:\/\/westys.nl\/de\/wp-json\/wp\/v2\/product_cat?post=25544"},{"taxonomy":"product_tag","embeddable":true,"href":"https:\/\/westys.nl\/de\/wp-json\/wp\/v2\/product_tag?post=25544"}],"curies":[{"name":"wp","href":"https:\/\/api.w.org\/{rel}","templated":true}]}}