{"id":25588,"date":"2020-12-10T20:51:27","date_gmt":"2020-12-10T20:51:27","guid":{"rendered":"https:\/\/westys.nl\/product\/oldtimer-westfalia-anhaenger-buegelschloss\/"},"modified":"2023-10-03T10:11:45","modified_gmt":"2023-10-03T10:11:45","slug":"oldtimer-westfalia-anhaenger-kupplung-al-ko-lock","status":"publish","type":"product","link":"https:\/\/westys.nl\/de\/product\/oldtimer-westfalia-anhaenger-kupplung-al-ko-lock\/","title":{"rendered":"Oldtimer Westfalia Anh\u00e4nger B\u00fcgelschloss"},"content":{"rendered":"<p>Oldtimer Westfalia Anh\u00e4ngerkupplungsb\u00fcgel Schloss. Dieses universelle B\u00fcgelschloss kann an jeder Anh\u00e4ngevorrichtung angebracht werden und bietet maximale Sicherheit. Der B\u00fcgel geht \u00fcber die Kupplung, so dass sie nicht so leicht eingedr\u00fcckt werden kann, und bietet somit einen hohen Sicherheitsstandard. Das Zylinderschloss ist gegen Aufbohren gesichert.<\/p>\n<p>&nbsp;<\/p>\n","protected":false},"excerpt":{"rendered":"<p>Oldtimer Westfalia Anh\u00e4ngerkupplungsb\u00fcgel Schloss. Dieses universelle B\u00fcgelschloss kann an jeder Anh\u00e4ngevorrichtung angebracht werden und bietet maximale Sicherheit. Der B\u00fcgel geht \u00fcber die Kupplung, so dass sie nicht so leicht eingedr\u00fcckt werden kann, und bietet somit einen hohen Sicherheitsstandard. Das Zylinderschloss ist gegen Aufbohren gesichert. &nbsp;<\/p>\n","protected":false},"featured_media":21843,"template":"","meta":[],"product_cat":[794,790,779,692,695,776,693,698,703,778,686,687,896,795,696,706,702,707,699,705,777,701,694,700,691,697,689,728,690,704,688],"product_tag":[],"_links":{"self":[{"href":"https:\/\/westys.nl\/de\/wp-json\/wp\/v2\/product\/25588"}],"collection":[{"href":"https:\/\/westys.nl\/de\/wp-json\/wp\/v2\/product"}],"about":[{"href":"https:\/\/westys.nl\/de\/wp-json\/wp\/v2\/types\/product"}],"version-history":[{"count":1,"href":"https:\/\/westys.nl\/de\/wp-json\/wp\/v2\/product\/25588\/revisions"}],"predecessor-version":[{"id":25595,"href":"https:\/\/westys.nl\/de\/wp-json\/wp\/v2\/product\/25588\/revisions\/25595"}],"wp:featuredmedia":[{"embeddable":true,"href":"https:\/\/westys.nl\/de\/wp-json\/wp\/v2\/media\/21843"}],"wp:attachment":[{"href":"https:\/\/westys.nl\/de\/wp-json\/wp\/v2\/media?parent=25588"}],"wp:term":[{"taxonomy":"product_cat","embeddable":true,"href":"https:\/\/westys.nl\/de\/wp-json\/wp\/v2\/product_cat?post=25588"},{"taxonomy":"product_tag","embeddable":true,"href":"https:\/\/westys.nl\/de\/wp-json\/wp\/v2\/product_tag?post=25588"}],"curies":[{"name":"wp","href":"https:\/\/api.w.org\/{rel}","templated":true}]}}