{"id":25590,"date":"2020-12-10T20:37:33","date_gmt":"2020-12-10T20:37:33","guid":{"rendered":"https:\/\/westys.nl\/product\/oldtimer-westfalia-anhaengerkupplung-ak7-d-vkt50-al-ko\/"},"modified":"2023-10-03T10:11:46","modified_gmt":"2023-10-03T10:11:46","slug":"oldtimer-westfalia-auflieger-essen-kupplung-al-ko","status":"publish","type":"product","link":"https:\/\/westys.nl\/de\/product\/oldtimer-westfalia-auflieger-essen-kupplung-al-ko\/","title":{"rendered":"Oldtimer Westfalia Anh\u00e4ngerkupplung AK7\/D VKT50 AL-KO"},"content":{"rendered":"<p>Oldtimer Westfalia Anh\u00e4ngerkupplung AL-KO ungebremst. Geeignet f\u00fcr Anh\u00e4nger mit einer max. 50 mm Vierkantachse und 50 mm Kugel. Die maximale Anh\u00e4ngelast betr\u00e4gt 750 kg. Der Achsabstand der Befestigungsl\u00f6cher betr\u00e4gt 90 mm.<\/p>\n<p>&nbsp;<\/p>\n","protected":false},"excerpt":{"rendered":"<p>Oldtimer Westfalia Anh\u00e4ngerkupplung AL-KO ungebremst. Geeignet f\u00fcr Anh\u00e4nger mit einer max. 50 mm Vierkantachse und 50 mm Kugel. Die maximale Anh\u00e4ngelast betr\u00e4gt 750 kg. Der Achsabstand der Befestigungsl\u00f6cher betr\u00e4gt 90 mm. &nbsp;<\/p>\n","protected":false},"featured_media":21756,"template":"","meta":[],"product_cat":[790,778,795],"product_tag":[],"_links":{"self":[{"href":"https:\/\/westys.nl\/de\/wp-json\/wp\/v2\/product\/25590"}],"collection":[{"href":"https:\/\/westys.nl\/de\/wp-json\/wp\/v2\/product"}],"about":[{"href":"https:\/\/westys.nl\/de\/wp-json\/wp\/v2\/types\/product"}],"version-history":[{"count":1,"href":"https:\/\/westys.nl\/de\/wp-json\/wp\/v2\/product\/25590\/revisions"}],"predecessor-version":[{"id":25598,"href":"https:\/\/westys.nl\/de\/wp-json\/wp\/v2\/product\/25590\/revisions\/25598"}],"wp:featuredmedia":[{"embeddable":true,"href":"https:\/\/westys.nl\/de\/wp-json\/wp\/v2\/media\/21756"}],"wp:attachment":[{"href":"https:\/\/westys.nl\/de\/wp-json\/wp\/v2\/media?parent=25590"}],"wp:term":[{"taxonomy":"product_cat","embeddable":true,"href":"https:\/\/westys.nl\/de\/wp-json\/wp\/v2\/product_cat?post=25590"},{"taxonomy":"product_tag","embeddable":true,"href":"https:\/\/westys.nl\/de\/wp-json\/wp\/v2\/product_tag?post=25590"}],"curies":[{"name":"wp","href":"https:\/\/api.w.org\/{rel}","templated":true}]}}