{"id":25596,"date":"2020-12-13T14:43:28","date_gmt":"2020-12-13T14:43:28","guid":{"rendered":"https:\/\/westys.nl\/product\/oldtimer-westfalia-anhaenger-abus-nr-30-schloss-gebraucht\/"},"modified":"2025-04-28T08:27:44","modified_gmt":"2025-04-28T08:27:44","slug":"oldtimer-westfalia-auflieger-abus-nr-30-lock-gebraucht","status":"publish","type":"product","link":"https:\/\/westys.nl\/de\/product\/oldtimer-westfalia-auflieger-abus-nr-30-lock-gebraucht\/","title":{"rendered":"Oldtimer Westfalia Anh\u00e4nger Abus Nr. 30 Schloss (Gebraucht)"},"content":{"rendered":"<p>Gebrauchtes Schloss Westfalia Abus Nr. 30. Geeignet f\u00fcr verschiedene Arten von Anh\u00e4ngern und Wohnwagen. Das Schloss ist benutzt worden. Das bedeutet, dass es eine leichte Form von Rost, Kratzern und anderen Gebrauchsspuren aufweisen kann. Dieses Produkt kann auch eingef\u00e4rbt sein oder Spuren von Farbe enthalten. Das Schloss wird mit 1 oder 2 Schl\u00fcsseln geliefert.<\/p>\n","protected":false},"excerpt":{"rendered":"<p>Gebrauchtes Schloss Westfalia Abus Nr. 30. Geeignet f\u00fcr verschiedene Arten von Anh\u00e4ngern und Wohnwagen. Das Schloss ist benutzt worden. Das bedeutet, dass es eine leichte Form von Rost, Kratzern und anderen Gebrauchsspuren aufweisen kann. Dieses Produkt kann auch eingef\u00e4rbt sein oder Spuren von Farbe enthalten. Das Schloss wird mit 1 oder 2 Schl\u00fcsseln geliefert.<\/p>\n","protected":false},"featured_media":21837,"template":"","meta":[],"product_cat":[779,758,778,688],"product_tag":[],"_links":{"self":[{"href":"https:\/\/westys.nl\/de\/wp-json\/wp\/v2\/product\/25596"}],"collection":[{"href":"https:\/\/westys.nl\/de\/wp-json\/wp\/v2\/product"}],"about":[{"href":"https:\/\/westys.nl\/de\/wp-json\/wp\/v2\/types\/product"}],"version-history":[{"count":1,"href":"https:\/\/westys.nl\/de\/wp-json\/wp\/v2\/product\/25596\/revisions"}],"predecessor-version":[{"id":25606,"href":"https:\/\/westys.nl\/de\/wp-json\/wp\/v2\/product\/25596\/revisions\/25606"}],"wp:featuredmedia":[{"embeddable":true,"href":"https:\/\/westys.nl\/de\/wp-json\/wp\/v2\/media\/21837"}],"wp:attachment":[{"href":"https:\/\/westys.nl\/de\/wp-json\/wp\/v2\/media?parent=25596"}],"wp:term":[{"taxonomy":"product_cat","embeddable":true,"href":"https:\/\/westys.nl\/de\/wp-json\/wp\/v2\/product_cat?post=25596"},{"taxonomy":"product_tag","embeddable":true,"href":"https:\/\/westys.nl\/de\/wp-json\/wp\/v2\/product_tag?post=25596"}],"curies":[{"name":"wp","href":"https:\/\/api.w.org\/{rel}","templated":true}]}}