{"id":25600,"date":"2020-11-23T10:12:58","date_gmt":"2020-11-23T10:12:58","guid":{"rendered":"https:\/\/westys.nl\/product\/oldtimer-westfalia-anhaengerabdeckung-verzinkt-gebraucht\/"},"modified":"2023-10-03T10:11:47","modified_gmt":"2023-10-03T10:11:47","slug":"oldtimer-westfalia-anhanger-messer-abdeckung-verzinkt-gebraucht","status":"publish","type":"product","link":"https:\/\/westys.nl\/de\/product\/oldtimer-westfalia-anhanger-messer-abdeckung-verzinkt-gebraucht\/","title":{"rendered":"Oldtimer Westfalia Anh\u00e4ngerabdeckung verzinkt (gebraucht)"},"content":{"rendered":"<p>Gebrauchte Westfalia Essen Deckel verzinktes Modell. Dieses Modell ist f\u00fcr j\u00fcngere Anh\u00e4nger gedacht, bei denen die Deckelecken nicht verschwei\u00dft sind. Dies ist nur der Deckel und beinhaltet daher keine Scharniere, Deckelhalterung oder Schloss.<\/p>\n<p>Dieses Produkt wurde verwendet. Das bedeutet, dass es eine leichte Form von Rost, Kratzern und anderen Gebrauchsspuren aufweisen kann. Dieses Produkt kann auch eingef\u00e4rbt sein oder Spuren von Farbe enthalten. Au\u00dferdem muss das Holz m\u00f6glicherweise ersetzt werden. Farbe und Gebrauchsspuren k\u00f6nnen vom Foto abweichen.<\/p>\n<p>Wenn Sie keine \u00dcberraschungen erleben wollen, fragen Sie nach Fotos des verf\u00fcgbaren Deckels. Hier ist es sinnvoll, ein Foto des Anh\u00e4ngers mitzuschicken, damit wir sehen k\u00f6nnen, was am besten zu Ihrem Anh\u00e4nger passt.<\/p>\n<p>Dieses Produkt muss nach Absprache abgeholt oder verschickt werden. Dies kann mit zus\u00e4tzlichen Versandkosten verbunden sein.<\/p>\n","protected":false},"excerpt":{"rendered":"<p>Gebrauchte Westfalia Essen Deckel verzinktes Modell. Dieses Modell ist f\u00fcr j\u00fcngere Anh\u00e4nger gedacht, bei denen die Deckelecken nicht verschwei\u00dft sind. Dies ist nur der Deckel und beinhaltet daher keine Scharniere, Deckelhalterung oder Schloss. Dieses Produkt wurde verwendet. Das bedeutet, dass es eine leichte Form von Rost, Kratzern und anderen Gebrauchsspuren aufweisen kann. Dieses Produkt kann [&hellip;]<\/p>\n","protected":false},"featured_media":22671,"template":"","meta":[],"product_cat":[943,884,793,778],"product_tag":[],"_links":{"self":[{"href":"https:\/\/westys.nl\/de\/wp-json\/wp\/v2\/product\/25600"}],"collection":[{"href":"https:\/\/westys.nl\/de\/wp-json\/wp\/v2\/product"}],"about":[{"href":"https:\/\/westys.nl\/de\/wp-json\/wp\/v2\/types\/product"}],"version-history":[{"count":1,"href":"https:\/\/westys.nl\/de\/wp-json\/wp\/v2\/product\/25600\/revisions"}],"predecessor-version":[{"id":25605,"href":"https:\/\/westys.nl\/de\/wp-json\/wp\/v2\/product\/25600\/revisions\/25605"}],"wp:featuredmedia":[{"embeddable":true,"href":"https:\/\/westys.nl\/de\/wp-json\/wp\/v2\/media\/22671"}],"wp:attachment":[{"href":"https:\/\/westys.nl\/de\/wp-json\/wp\/v2\/media?parent=25600"}],"wp:term":[{"taxonomy":"product_cat","embeddable":true,"href":"https:\/\/westys.nl\/de\/wp-json\/wp\/v2\/product_cat?post=25600"},{"taxonomy":"product_tag","embeddable":true,"href":"https:\/\/westys.nl\/de\/wp-json\/wp\/v2\/product_tag?post=25600"}],"curies":[{"name":"wp","href":"https:\/\/api.w.org\/{rel}","templated":true}]}}