{"id":25616,"date":"2023-05-10T18:32:03","date_gmt":"2023-05-10T18:32:03","guid":{"rendered":"https:\/\/westys.nl\/product\/oldtimer-westfalia-wohnwagen-blechfenster-86-x-54-cm-gebraucht\/"},"modified":"2023-10-03T10:47:40","modified_gmt":"2023-10-03T10:47:40","slug":"oldtimer-westfalia-wohnwagen-verglasung-86-x-54-cm-gebraucht","status":"publish","type":"product","link":"https:\/\/westys.nl\/de\/product\/oldtimer-westfalia-wohnwagen-verglasung-86-x-54-cm-gebraucht\/","title":{"rendered":"Oldtimer Westfalia Wohnwagen Blechfenster 86 x 54 cm (gebraucht)"},"content":{"rendered":"<p>Westfalia-Wohnwagenbleche sind ein Originalprodukt und werden in Wohnwagen verwendet. Die Bleche werden verwendet. Das bedeutet, dass es einige Gebrauchsspuren wie Rost, Beulen, Kratzer, Farbe usw. aufweisen kann.<\/p>\n<p>Ma\u00dfe des Blechs: 86 x 54 cm<\/p>\n<p>Abmessungen des Fensters: 68 x 40 cm<\/p>\n<p>Auf der Innenseite des Blechs k\u00f6nnen noch Verst\u00e4rkungen usw. vorhanden sein.<\/p>\n<p>&nbsp;<\/p>\n<p>&nbsp;<\/p>\n","protected":false},"excerpt":{"rendered":"<p>Westfalia-Wohnwagenbleche sind ein Originalprodukt und werden in Wohnwagen verwendet. Die Bleche werden verwendet. Das bedeutet, dass es einige Gebrauchsspuren wie Rost, Beulen, Kratzer, Farbe usw. aufweisen kann. Ma\u00dfe des Blechs: 86 x 54 cm Abmessungen des Fensters: 68 x 40 cm Auf der Innenseite des Blechs k\u00f6nnen noch Verst\u00e4rkungen usw. vorhanden sein. &nbsp; &nbsp;<\/p>\n","protected":false},"featured_media":22842,"template":"","meta":[],"product_cat":[793,689,690,688],"product_tag":[],"_links":{"self":[{"href":"https:\/\/westys.nl\/de\/wp-json\/wp\/v2\/product\/25616"}],"collection":[{"href":"https:\/\/westys.nl\/de\/wp-json\/wp\/v2\/product"}],"about":[{"href":"https:\/\/westys.nl\/de\/wp-json\/wp\/v2\/types\/product"}],"version-history":[{"count":1,"href":"https:\/\/westys.nl\/de\/wp-json\/wp\/v2\/product\/25616\/revisions"}],"predecessor-version":[{"id":25639,"href":"https:\/\/westys.nl\/de\/wp-json\/wp\/v2\/product\/25616\/revisions\/25639"}],"wp:featuredmedia":[{"embeddable":true,"href":"https:\/\/westys.nl\/de\/wp-json\/wp\/v2\/media\/22842"}],"wp:attachment":[{"href":"https:\/\/westys.nl\/de\/wp-json\/wp\/v2\/media?parent=25616"}],"wp:term":[{"taxonomy":"product_cat","embeddable":true,"href":"https:\/\/westys.nl\/de\/wp-json\/wp\/v2\/product_cat?post=25616"},{"taxonomy":"product_tag","embeddable":true,"href":"https:\/\/westys.nl\/de\/wp-json\/wp\/v2\/product_tag?post=25616"}],"curies":[{"name":"wp","href":"https:\/\/api.w.org\/{rel}","templated":true}]}}