{"id":25621,"date":"2023-05-08T14:51:53","date_gmt":"2023-05-08T14:51:53","guid":{"rendered":"https:\/\/westys.nl\/product\/oldtimer-westfalia-wohnwagen-blechdachleuchte-gebraucht\/"},"modified":"2023-10-03T10:47:45","modified_gmt":"2023-10-03T10:47:45","slug":"oldtimer-westfalia-wohnwagen-aufbau-dachleuchte-gebraucht","status":"publish","type":"product","link":"https:\/\/westys.nl\/de\/product\/oldtimer-westfalia-wohnwagen-aufbau-dachleuchte-gebraucht\/","title":{"rendered":"Oldtimer Westfalia Wohnwagen Blechdachleuchte (gebraucht)"},"content":{"rendered":"<p>Westfalia-Wohnwagenbleche sind ein Originalprodukt und werden in Wohnwagen verwendet. Die Bleche werden verwendet. Das bedeutet, dass es einige Gebrauchsspuren wie Rost, Beulen, Kratzer, Farbe usw. aufweisen kann.<\/p>\n<p>Bleche f\u00fcr Dachfenster.<\/p>\n<p>Auf der Innenseite des Blechs k\u00f6nnen noch Verst\u00e4rkungen usw. vorhanden sein.<\/p>\n<p>&nbsp;<\/p>\n<p>&nbsp;<\/p>\n","protected":false},"excerpt":{"rendered":"<p>Westfalia-Wohnwagenbleche sind ein Originalprodukt und werden in Wohnwagen verwendet. Die Bleche werden verwendet. Das bedeutet, dass es einige Gebrauchsspuren wie Rost, Beulen, Kratzer, Farbe usw. aufweisen kann. Bleche f\u00fcr Dachfenster. Auf der Innenseite des Blechs k\u00f6nnen noch Verst\u00e4rkungen usw. vorhanden sein. &nbsp; &nbsp;<\/p>\n","protected":false},"featured_media":22830,"template":"","meta":[],"product_cat":[793,698,696,689,690,688],"product_tag":[],"_links":{"self":[{"href":"https:\/\/westys.nl\/de\/wp-json\/wp\/v2\/product\/25621"}],"collection":[{"href":"https:\/\/westys.nl\/de\/wp-json\/wp\/v2\/product"}],"about":[{"href":"https:\/\/westys.nl\/de\/wp-json\/wp\/v2\/types\/product"}],"version-history":[{"count":1,"href":"https:\/\/westys.nl\/de\/wp-json\/wp\/v2\/product\/25621\/revisions"}],"predecessor-version":[{"id":25666,"href":"https:\/\/westys.nl\/de\/wp-json\/wp\/v2\/product\/25621\/revisions\/25666"}],"wp:featuredmedia":[{"embeddable":true,"href":"https:\/\/westys.nl\/de\/wp-json\/wp\/v2\/media\/22830"}],"wp:attachment":[{"href":"https:\/\/westys.nl\/de\/wp-json\/wp\/v2\/media?parent=25621"}],"wp:term":[{"taxonomy":"product_cat","embeddable":true,"href":"https:\/\/westys.nl\/de\/wp-json\/wp\/v2\/product_cat?post=25621"},{"taxonomy":"product_tag","embeddable":true,"href":"https:\/\/westys.nl\/de\/wp-json\/wp\/v2\/product_tag?post=25621"}],"curies":[{"name":"wp","href":"https:\/\/api.w.org\/{rel}","templated":true}]}}