{"id":25626,"date":"2023-04-19T06:40:20","date_gmt":"2023-04-19T06:40:20","guid":{"rendered":"https:\/\/westys.nl\/product\/oldtimer-westfalia-anhaenger-hella-ruecklichtabdeckung-gebraucht\/"},"modified":"2023-10-03T10:48:00","modified_gmt":"2023-10-03T10:48:00","slug":"oldtimer-westfalia-anhaenger-hella-ruecklichtkappe-gebraucht","status":"publish","type":"product","link":"https:\/\/westys.nl\/de\/product\/oldtimer-westfalia-anhaenger-hella-ruecklichtkappe-gebraucht\/","title":{"rendered":"Oldtimer Westfalia Anh\u00e4nger Hella R\u00fccklichtabdeckung (gebraucht)"},"content":{"rendered":"<p>Oldtimer Westfalia Anh\u00e4nger Hella R\u00fccklicht Abdeckung. Dieses Produkt wurde verwendet. Das bedeutet, dass es Gebrauchsspuren haben kann, wie z. B. Kratzer, Farbe, Alterung usw.<\/p>\n<p>Wird ohne Schrauben geliefert.<\/p>\n<p>&nbsp;<\/p>\n","protected":false},"excerpt":{"rendered":"<p>Oldtimer Westfalia Anh\u00e4nger Hella R\u00fccklicht Abdeckung. Dieses Produkt wurde verwendet. Das bedeutet, dass es Gebrauchsspuren haben kann, wie z. B. Kratzer, Farbe, Alterung usw. Wird ohne Schrauben geliefert. &nbsp;<\/p>\n","protected":false},"featured_media":22782,"template":"","meta":[],"product_cat":[695,698,696,697,689,690],"product_tag":[],"_links":{"self":[{"href":"https:\/\/westys.nl\/de\/wp-json\/wp\/v2\/product\/25626"}],"collection":[{"href":"https:\/\/westys.nl\/de\/wp-json\/wp\/v2\/product"}],"about":[{"href":"https:\/\/westys.nl\/de\/wp-json\/wp\/v2\/types\/product"}],"version-history":[{"count":1,"href":"https:\/\/westys.nl\/de\/wp-json\/wp\/v2\/product\/25626\/revisions"}],"predecessor-version":[{"id":25687,"href":"https:\/\/westys.nl\/de\/wp-json\/wp\/v2\/product\/25626\/revisions\/25687"}],"wp:featuredmedia":[{"embeddable":true,"href":"https:\/\/westys.nl\/de\/wp-json\/wp\/v2\/media\/22782"}],"wp:attachment":[{"href":"https:\/\/westys.nl\/de\/wp-json\/wp\/v2\/media?parent=25626"}],"wp:term":[{"taxonomy":"product_cat","embeddable":true,"href":"https:\/\/westys.nl\/de\/wp-json\/wp\/v2\/product_cat?post=25626"},{"taxonomy":"product_tag","embeddable":true,"href":"https:\/\/westys.nl\/de\/wp-json\/wp\/v2\/product_tag?post=25626"}],"curies":[{"name":"wp","href":"https:\/\/api.w.org\/{rel}","templated":true}]}}