{"id":25628,"date":"2023-05-08T13:24:40","date_gmt":"2023-05-08T13:24:40","guid":{"rendered":"https:\/\/westys.nl\/product\/oldtimer-westfalia-wohnwagen-blechfenster-81-x-59-cm-gebraucht\/"},"modified":"2023-10-03T10:48:01","modified_gmt":"2023-10-03T10:48:01","slug":"vintage-westfalia-wohnwagen-verglasung-81-x-59-cm-gebraucht","status":"publish","type":"product","link":"https:\/\/westys.nl\/de\/product\/vintage-westfalia-wohnwagen-verglasung-81-x-59-cm-gebraucht\/","title":{"rendered":"Oldtimer Westfalia Wohnwagen Blechfenster 81 x 59 cm (gebraucht)"},"content":{"rendered":"<p>Westfalia-Wohnwagenbleche sind ein Originalprodukt und werden in Wohnwagen verwendet. Die Bleche werden verwendet. Das bedeutet, dass es einige Gebrauchsspuren wie Rost, Beulen, Kratzer, Farbe usw. aufweisen kann.<\/p>\n<p>Ma\u00dfe des Blechs: 81 x 59 cm<\/p>\n<p>Abmessungen des Fensters: 68 x 40 cm<\/p>\n<p>Auf der Innenseite des Blechs k\u00f6nnen noch Verst\u00e4rkungen usw. vorhanden sein.<\/p>\n<p>&nbsp;<\/p>\n<p>&nbsp;<\/p>\n","protected":false},"excerpt":{"rendered":"<p>Westfalia-Wohnwagenbleche sind ein Originalprodukt und werden in Wohnwagen verwendet. Die Bleche werden verwendet. Das bedeutet, dass es einige Gebrauchsspuren wie Rost, Beulen, Kratzer, Farbe usw. aufweisen kann. Ma\u00dfe des Blechs: 81 x 59 cm Abmessungen des Fensters: 68 x 40 cm Auf der Innenseite des Blechs k\u00f6nnen noch Verst\u00e4rkungen usw. vorhanden sein. &nbsp; &nbsp;<\/p>\n","protected":false},"featured_media":22818,"template":"","meta":[],"product_cat":[793,696,689,690,688],"product_tag":[],"_links":{"self":[{"href":"https:\/\/westys.nl\/de\/wp-json\/wp\/v2\/product\/25628"}],"collection":[{"href":"https:\/\/westys.nl\/de\/wp-json\/wp\/v2\/product"}],"about":[{"href":"https:\/\/westys.nl\/de\/wp-json\/wp\/v2\/types\/product"}],"version-history":[{"count":1,"href":"https:\/\/westys.nl\/de\/wp-json\/wp\/v2\/product\/25628\/revisions"}],"predecessor-version":[{"id":25691,"href":"https:\/\/westys.nl\/de\/wp-json\/wp\/v2\/product\/25628\/revisions\/25691"}],"wp:featuredmedia":[{"embeddable":true,"href":"https:\/\/westys.nl\/de\/wp-json\/wp\/v2\/media\/22818"}],"wp:attachment":[{"href":"https:\/\/westys.nl\/de\/wp-json\/wp\/v2\/media?parent=25628"}],"wp:term":[{"taxonomy":"product_cat","embeddable":true,"href":"https:\/\/westys.nl\/de\/wp-json\/wp\/v2\/product_cat?post=25628"},{"taxonomy":"product_tag","embeddable":true,"href":"https:\/\/westys.nl\/de\/wp-json\/wp\/v2\/product_tag?post=25628"}],"curies":[{"name":"wp","href":"https:\/\/api.w.org\/{rel}","templated":true}]}}