{"id":25634,"date":"2023-04-13T07:25:13","date_gmt":"2023-04-13T07:25:13","guid":{"rendered":"https:\/\/westys.nl\/product\/oldtimer-westfalia-anhaenger-radaufhaengung-bolzen-gebraucht\/"},"modified":"2023-10-03T10:48:00","modified_gmt":"2023-10-03T10:48:00","slug":"oldtimer-westfalia-anhanger-radmuttern-bolzen-gebraucht","status":"publish","type":"product","link":"https:\/\/westys.nl\/de\/product\/oldtimer-westfalia-anhanger-radmuttern-bolzen-gebraucht\/","title":{"rendered":"Oldtimer Westfalia Anh\u00e4nger Radaufh\u00e4ngung Bolzen (gebraucht)"},"content":{"rendered":"<p>Der Westfalia-Radaufh\u00e4ngebolzen ist ein Originalprodukt und wird in Wohnwagen und Anh\u00e4ngern eingesetzt. Dieser Bolzen wurde verwendet. Das bedeutet, dass es leichte Gebrauchsspuren wie Rost, Kratzer, Farbe usw. aufweisen kann.<\/p>\n<p>Pr\u00fcfen Sie sorgf\u00e4ltig, ob es sich um das richtige Produkt handelt. Im Zweifelsfall schicken Sie einfach eine E-Mail.<\/p>\n<p>&nbsp;<\/p>\n","protected":false},"excerpt":{"rendered":"<p>Der Westfalia-Radaufh\u00e4ngebolzen ist ein Originalprodukt und wird in Wohnwagen und Anh\u00e4ngern eingesetzt. Dieser Bolzen wurde verwendet. Das bedeutet, dass es leichte Gebrauchsspuren wie Rost, Kratzer, Farbe usw. aufweisen kann. Pr\u00fcfen Sie sorgf\u00e4ltig, ob es sich um das richtige Produkt handelt. Im Zweifelsfall schicken Sie einfach eine E-Mail. &nbsp;<\/p>\n","protected":false},"featured_media":22788,"template":"","meta":[],"product_cat":[756,692,695,776,693,698,703,686,687,896,696,706,702,707,699,705,777,701,694,700,691,697,689,728,690,704,688],"product_tag":[],"_links":{"self":[{"href":"https:\/\/westys.nl\/de\/wp-json\/wp\/v2\/product\/25634"}],"collection":[{"href":"https:\/\/westys.nl\/de\/wp-json\/wp\/v2\/product"}],"about":[{"href":"https:\/\/westys.nl\/de\/wp-json\/wp\/v2\/types\/product"}],"version-history":[{"count":1,"href":"https:\/\/westys.nl\/de\/wp-json\/wp\/v2\/product\/25634\/revisions"}],"predecessor-version":[{"id":25688,"href":"https:\/\/westys.nl\/de\/wp-json\/wp\/v2\/product\/25634\/revisions\/25688"}],"wp:featuredmedia":[{"embeddable":true,"href":"https:\/\/westys.nl\/de\/wp-json\/wp\/v2\/media\/22788"}],"wp:attachment":[{"href":"https:\/\/westys.nl\/de\/wp-json\/wp\/v2\/media?parent=25634"}],"wp:term":[{"taxonomy":"product_cat","embeddable":true,"href":"https:\/\/westys.nl\/de\/wp-json\/wp\/v2\/product_cat?post=25634"},{"taxonomy":"product_tag","embeddable":true,"href":"https:\/\/westys.nl\/de\/wp-json\/wp\/v2\/product_tag?post=25634"}],"curies":[{"name":"wp","href":"https:\/\/api.w.org\/{rel}","templated":true}]}}