{"id":25659,"date":"2023-05-03T18:40:07","date_gmt":"2023-05-03T18:40:07","guid":{"rendered":"https:\/\/westys.nl\/product\/oldtimer-westfalia-anhaenger-wohnwagen-dachleuchte-gebraucht\/"},"modified":"2023-10-03T10:47:57","modified_gmt":"2023-10-03T10:47:57","slug":"oldtimer-westfalia-anhanger-wohnwagen-dachhaube-gebraucht","status":"publish","type":"product","link":"https:\/\/westys.nl\/de\/product\/oldtimer-westfalia-anhanger-wohnwagen-dachhaube-gebraucht\/","title":{"rendered":"Oldtimer Westfalia Anh\u00e4nger Wohnwagen Dachleuchte (gebraucht)"},"content":{"rendered":"<p>Westfalia Dachlampen sind ein Originalprodukt. Dieses Produkt besteht nur aus der Dachleuchte und wird ohne Befestigungsmittel geliefert.<\/p>\n<p>Das Oberlicht wurde genutzt. Das bedeutet, dass es einige Kratzer und andere Gebrauchsspuren aufweisen kann. Dieses Produkt kann auch eingef\u00e4rbt sein oder Spuren von Farbe enthalten. Es muss geschliffen und poliert werden, damit es wieder sauber wird. Es besteht jedoch die M\u00f6glichkeit, dass die Alterung des Materials sichtbar bleibt.<\/p>\n<p>F\u00fcr die Methode mit den Gummischn\u00fcren k\u00f6nnen Sie in unserem Webshop Lichtkuppelschnur \u00f810 bestellen. Auch die Ringe aus rostfreiem Stahl zur Befestigung sind im Webshop erh\u00e4ltlich.<\/p>\n<p>&nbsp;<\/p>\n<p>&nbsp;<\/p>\n<p>&nbsp;<\/p>\n<p>&nbsp;<\/p>\n","protected":false},"excerpt":{"rendered":"<p>Westfalia Dachlampen sind ein Originalprodukt. Dieses Produkt besteht nur aus der Dachleuchte und wird ohne Befestigungsmittel geliefert. Das Oberlicht wurde genutzt. Das bedeutet, dass es einige Kratzer und andere Gebrauchsspuren aufweisen kann. Dieses Produkt kann auch eingef\u00e4rbt sein oder Spuren von Farbe enthalten. Es muss geschliffen und poliert werden, damit es wieder sauber wird. Es [&hellip;]<\/p>\n","protected":false},"featured_media":22794,"template":"","meta":[],"product_cat":[698,696,689,690,688],"product_tag":[],"_links":{"self":[{"href":"https:\/\/westys.nl\/de\/wp-json\/wp\/v2\/product\/25659"}],"collection":[{"href":"https:\/\/westys.nl\/de\/wp-json\/wp\/v2\/product"}],"about":[{"href":"https:\/\/westys.nl\/de\/wp-json\/wp\/v2\/types\/product"}],"version-history":[{"count":1,"href":"https:\/\/westys.nl\/de\/wp-json\/wp\/v2\/product\/25659\/revisions"}],"predecessor-version":[{"id":25685,"href":"https:\/\/westys.nl\/de\/wp-json\/wp\/v2\/product\/25659\/revisions\/25685"}],"wp:featuredmedia":[{"embeddable":true,"href":"https:\/\/westys.nl\/de\/wp-json\/wp\/v2\/media\/22794"}],"wp:attachment":[{"href":"https:\/\/westys.nl\/de\/wp-json\/wp\/v2\/media?parent=25659"}],"wp:term":[{"taxonomy":"product_cat","embeddable":true,"href":"https:\/\/westys.nl\/de\/wp-json\/wp\/v2\/product_cat?post=25659"},{"taxonomy":"product_tag","embeddable":true,"href":"https:\/\/westys.nl\/de\/wp-json\/wp\/v2\/product_tag?post=25659"}],"curies":[{"name":"wp","href":"https:\/\/api.w.org\/{rel}","templated":true}]}}