{"id":25663,"date":"2023-04-11T11:36:28","date_gmt":"2023-04-11T11:36:28","guid":{"rendered":"https:\/\/westys.nl\/product\/oldtimer-westfalia-anhaengerverkleidung-20mm-mit-gummideckel\/"},"modified":"2023-10-03T10:47:52","modified_gmt":"2023-10-03T10:47:52","slug":"oldtimer-westfalia-anhaenger-klappe-verkleidung-20mm","status":"publish","type":"product","link":"https:\/\/westys.nl\/de\/product\/oldtimer-westfalia-anhaenger-klappe-verkleidung-20mm\/","title":{"rendered":"Oldtimer Westfalia Anh\u00e4ngerverkleidung 20mm mit Gummideckel"},"content":{"rendered":"<p>Oldtimer Westfalia Anh\u00e4ngerdeckelverkleidung mit Gummi. Dieses Produkt ist eine Reproduktion.<\/p>\n<p>Dieses Produkt wird in einer L\u00e4nge von 2,60 m geliefert.<\/p>\n<p>Die Versandkosten f\u00fcr dieses Produkt m\u00fcssen separat berechnet werden. Zu erreichen unter <a href=\"mailto:info@westys.nl\">info@westys.nl.<\/a><\/p>\n<p>&nbsp;<\/p>\n<p>&nbsp;<\/p>\n","protected":false},"excerpt":{"rendered":"<p>Oldtimer Westfalia Anh\u00e4ngerdeckelverkleidung mit Gummi. Dieses Produkt ist eine Reproduktion. Dieses Produkt wird in einer L\u00e4nge von 2,60 m geliefert. Die Versandkosten f\u00fcr dieses Produkt m\u00fcssen separat berechnet werden. Zu erreichen unter info@westys.nl. &nbsp; &nbsp;<\/p>\n","protected":false},"featured_media":0,"template":"","meta":[],"product_cat":[686,687],"product_tag":[],"_links":{"self":[{"href":"https:\/\/westys.nl\/de\/wp-json\/wp\/v2\/product\/25663"}],"collection":[{"href":"https:\/\/westys.nl\/de\/wp-json\/wp\/v2\/product"}],"about":[{"href":"https:\/\/westys.nl\/de\/wp-json\/wp\/v2\/types\/product"}],"version-history":[{"count":1,"href":"https:\/\/westys.nl\/de\/wp-json\/wp\/v2\/product\/25663\/revisions"}],"predecessor-version":[{"id":25675,"href":"https:\/\/westys.nl\/de\/wp-json\/wp\/v2\/product\/25663\/revisions\/25675"}],"wp:attachment":[{"href":"https:\/\/westys.nl\/de\/wp-json\/wp\/v2\/media?parent=25663"}],"wp:term":[{"taxonomy":"product_cat","embeddable":true,"href":"https:\/\/westys.nl\/de\/wp-json\/wp\/v2\/product_cat?post=25663"},{"taxonomy":"product_tag","embeddable":true,"href":"https:\/\/westys.nl\/de\/wp-json\/wp\/v2\/product_tag?post=25663"}],"curies":[{"name":"wp","href":"https:\/\/api.w.org\/{rel}","templated":true}]}}