{"id":25702,"date":"2023-03-29T12:23:18","date_gmt":"2023-03-29T12:23:18","guid":{"rendered":"https:\/\/westys.nl\/product\/oldtimer-westfalia-anhaenger-felge-5x112-gebraucht\/"},"modified":"2023-10-03T10:56:40","modified_gmt":"2023-10-03T10:56:40","slug":"oldtimer-westfalia-auflieger-alt-gebraucht","status":"publish","type":"product","link":"https:\/\/westys.nl\/de\/product\/oldtimer-westfalia-auflieger-alt-gebraucht\/","title":{"rendered":"Oldtimer Westfalia Anh\u00e4nger Felge 5&#215;112 (gebraucht)"},"content":{"rendered":"<p>Die Westfalia-Anh\u00e4ngerfelge ist ein Originalprodukt und wird bei Caravans und Anh\u00e4ngern verwendet. Diese Felge wird verwendet. Das bedeutet, dass es leichte Gebrauchsspuren wie Rost, Kratzer, Farbe usw. aufweisen kann.<\/p>\n<p>Die Au\u00dfenkante ist nicht mehr 100%ig gerade.<\/p>\n<p>Dieses Produkt kann leicht von der Abbildung abweichen.<\/p>\n<p>Teilung: 5 x 112 mm<\/p>\n<p>\u00c4u\u00dferer Durchmesser: 365 mm<\/p>\n<p>Durchmesser der Nabe: 68 mm<\/p>\n<p>&nbsp;<\/p>\n<p>&nbsp;<\/p>\n","protected":false},"excerpt":{"rendered":"<p>Die Westfalia-Anh\u00e4ngerfelge ist ein Originalprodukt und wird bei Caravans und Anh\u00e4ngern verwendet. Diese Felge wird verwendet. Das bedeutet, dass es leichte Gebrauchsspuren wie Rost, Kratzer, Farbe usw. aufweisen kann. Die Au\u00dfenkante ist nicht mehr 100%ig gerade. Dieses Produkt kann leicht von der Abbildung abweichen. Teilung: 5 x 112 mm \u00c4u\u00dferer Durchmesser: 365 mm Durchmesser der [&hellip;]<\/p>\n","protected":false},"featured_media":22770,"template":"","meta":[],"product_cat":[756,692,695,776,693,698,703,686,687,896,696,706,702,707,699,705,777,701,694,700,697,689,728,690,704,688],"product_tag":[],"_links":{"self":[{"href":"https:\/\/westys.nl\/de\/wp-json\/wp\/v2\/product\/25702"}],"collection":[{"href":"https:\/\/westys.nl\/de\/wp-json\/wp\/v2\/product"}],"about":[{"href":"https:\/\/westys.nl\/de\/wp-json\/wp\/v2\/types\/product"}],"version-history":[{"count":1,"href":"https:\/\/westys.nl\/de\/wp-json\/wp\/v2\/product\/25702\/revisions"}],"predecessor-version":[{"id":25731,"href":"https:\/\/westys.nl\/de\/wp-json\/wp\/v2\/product\/25702\/revisions\/25731"}],"wp:featuredmedia":[{"embeddable":true,"href":"https:\/\/westys.nl\/de\/wp-json\/wp\/v2\/media\/22770"}],"wp:attachment":[{"href":"https:\/\/westys.nl\/de\/wp-json\/wp\/v2\/media?parent=25702"}],"wp:term":[{"taxonomy":"product_cat","embeddable":true,"href":"https:\/\/westys.nl\/de\/wp-json\/wp\/v2\/product_cat?post=25702"},{"taxonomy":"product_tag","embeddable":true,"href":"https:\/\/westys.nl\/de\/wp-json\/wp\/v2\/product_tag?post=25702"}],"curies":[{"name":"wp","href":"https:\/\/api.w.org\/{rel}","templated":true}]}}