{"id":25705,"date":"2023-03-22T09:04:31","date_gmt":"2023-03-22T09:04:31","guid":{"rendered":"https:\/\/westys.nl\/product\/oldtimer-westfalia-anhaenger-wohnwagen-dachlichtkabel\/"},"modified":"2023-10-03T10:56:41","modified_gmt":"2023-10-03T10:56:41","slug":"oldtimer-westfalia-anhaenger-wohnwagen-dachleuchte-kabel","status":"publish","type":"product","link":"https:\/\/westys.nl\/de\/product\/oldtimer-westfalia-anhaenger-wohnwagen-dachleuchte-kabel\/","title":{"rendered":"Oldtimer Westfalia Anh\u00e4nger Wohnwagen Dachlichtkabel"},"content":{"rendered":"<p>Das Westfalia-Dachlampenkabel ist ein Nachbau. Dieses Produkt besteht aus 1 Gummikabel. Es hat eine gewisse \u00dcberl\u00e4nge. Sie m\u00fcssen es selbst zuschneiden und das Loch f\u00fcr die Befestigung des Rings bohren.<\/p>\n<p>Es wurde ein fester und etwas h\u00e4rterer Gummi gew\u00e4hlt, damit er nicht so leicht rei\u00dft. Daher muss die Befestigung in den Gewinden an den Original-Dachfenstern vorsichtig erfolgen und gegebenenfalls ein wenig abgeschliffen werden.<\/p>\n<p>Auch die Ringe aus rostfreiem Stahl zur Befestigung sind im Webshop erh\u00e4ltlich.<\/p>\n<p>&nbsp;<\/p>\n<p>&nbsp;<\/p>\n<p>&nbsp;<\/p>\n<p>&nbsp;<\/p>\n","protected":false},"excerpt":{"rendered":"<p>Das Westfalia-Dachlampenkabel ist ein Nachbau. Dieses Produkt besteht aus 1 Gummikabel. Es hat eine gewisse \u00dcberl\u00e4nge. Sie m\u00fcssen es selbst zuschneiden und das Loch f\u00fcr die Befestigung des Rings bohren. Es wurde ein fester und etwas h\u00e4rterer Gummi gew\u00e4hlt, damit er nicht so leicht rei\u00dft. Daher muss die Befestigung in den Gewinden an den Original-Dachfenstern [&hellip;]<\/p>\n","protected":false},"featured_media":22800,"template":"","meta":[],"product_cat":[698,696,689,690,688],"product_tag":[],"_links":{"self":[{"href":"https:\/\/westys.nl\/de\/wp-json\/wp\/v2\/product\/25705"}],"collection":[{"href":"https:\/\/westys.nl\/de\/wp-json\/wp\/v2\/product"}],"about":[{"href":"https:\/\/westys.nl\/de\/wp-json\/wp\/v2\/types\/product"}],"version-history":[{"count":1,"href":"https:\/\/westys.nl\/de\/wp-json\/wp\/v2\/product\/25705\/revisions"}],"predecessor-version":[{"id":25733,"href":"https:\/\/westys.nl\/de\/wp-json\/wp\/v2\/product\/25705\/revisions\/25733"}],"wp:featuredmedia":[{"embeddable":true,"href":"https:\/\/westys.nl\/de\/wp-json\/wp\/v2\/media\/22800"}],"wp:attachment":[{"href":"https:\/\/westys.nl\/de\/wp-json\/wp\/v2\/media?parent=25705"}],"wp:term":[{"taxonomy":"product_cat","embeddable":true,"href":"https:\/\/westys.nl\/de\/wp-json\/wp\/v2\/product_cat?post=25705"},{"taxonomy":"product_tag","embeddable":true,"href":"https:\/\/westys.nl\/de\/wp-json\/wp\/v2\/product_tag?post=25705"}],"curies":[{"name":"wp","href":"https:\/\/api.w.org\/{rel}","templated":true}]}}