{"id":25713,"date":"2023-02-16T10:59:24","date_gmt":"2023-02-16T10:59:24","guid":{"rendered":"https:\/\/westys.nl\/product\/oldtimer-westfalia-anhaenger-radlager-30206a-ring\/"},"modified":"2023-10-03T10:56:40","modified_gmt":"2023-10-03T10:56:40","slug":"oldtimer-westfalia-anhaenger-radlager-30206a-ring","status":"publish","type":"product","link":"https:\/\/westys.nl\/de\/product\/oldtimer-westfalia-anhaenger-radlager-30206a-ring\/","title":{"rendered":"Oldtimer Westfalia Anh\u00e4nger Radlager 30206A Ring"},"content":{"rendered":"<p>Der Westfalia Anh\u00e4nger Radlagerring 30206A ist ein Originalprodukt und wird bei Wohnwagen und Anh\u00e4ngern verwendet.<\/p>\n<p>Bitte \u00fcberpr\u00fcfen Sie die Lagernummer 30206A, bevor Sie die Bestellung aufgeben.<\/p>\n<p>&nbsp;<\/p>\n<p>&nbsp;<\/p>\n<p>&nbsp;<\/p>\n","protected":false},"excerpt":{"rendered":"<p>Der Westfalia Anh\u00e4nger Radlagerring 30206A ist ein Originalprodukt und wird bei Wohnwagen und Anh\u00e4ngern verwendet. Bitte \u00fcberpr\u00fcfen Sie die Lagernummer 30206A, bevor Sie die Bestellung aufgeben. &nbsp; &nbsp; &nbsp;<\/p>\n","protected":false},"featured_media":22632,"template":"","meta":[],"product_cat":[811,756,692,695,776,693,698,703,686,687,896,696,706,702,707,699,705,777,701,694,700,691,697,689,728,690,704,688],"product_tag":[],"_links":{"self":[{"href":"https:\/\/westys.nl\/de\/wp-json\/wp\/v2\/product\/25713"}],"collection":[{"href":"https:\/\/westys.nl\/de\/wp-json\/wp\/v2\/product"}],"about":[{"href":"https:\/\/westys.nl\/de\/wp-json\/wp\/v2\/types\/product"}],"version-history":[{"count":1,"href":"https:\/\/westys.nl\/de\/wp-json\/wp\/v2\/product\/25713\/revisions"}],"predecessor-version":[{"id":25729,"href":"https:\/\/westys.nl\/de\/wp-json\/wp\/v2\/product\/25713\/revisions\/25729"}],"wp:featuredmedia":[{"embeddable":true,"href":"https:\/\/westys.nl\/de\/wp-json\/wp\/v2\/media\/22632"}],"wp:attachment":[{"href":"https:\/\/westys.nl\/de\/wp-json\/wp\/v2\/media?parent=25713"}],"wp:term":[{"taxonomy":"product_cat","embeddable":true,"href":"https:\/\/westys.nl\/de\/wp-json\/wp\/v2\/product_cat?post=25713"},{"taxonomy":"product_tag","embeddable":true,"href":"https:\/\/westys.nl\/de\/wp-json\/wp\/v2\/product_tag?post=25713"}],"curies":[{"name":"wp","href":"https:\/\/api.w.org\/{rel}","templated":true}]}}