{"id":25714,"date":"2023-03-28T12:18:11","date_gmt":"2023-03-28T12:18:11","guid":{"rendered":"https:\/\/westys.nl\/product\/oldtimer-westfalia-anhaenger-tuergriff-aussen-rund-gebraucht\/"},"modified":"2023-10-03T10:56:40","modified_gmt":"2023-10-03T10:56:40","slug":"oldtimer-westfalia-anhaenger-tuerverriegelung-aussen-rund-gebraucht","status":"publish","type":"product","link":"https:\/\/westys.nl\/de\/product\/oldtimer-westfalia-anhaenger-tuerverriegelung-aussen-rund-gebraucht\/","title":{"rendered":"Oldtimer Westfalia Anh\u00e4nger T\u00fcrgriff au\u00dfen rund (gebraucht)"},"content":{"rendered":"<p>Westfalia Anh\u00e4nger T\u00fcrgriff au\u00dfen gebogen mit runder Basis. Dieser T\u00fcrgriff kann sowohl an Anh\u00e4ngern als auch an Wohnwagen verwendet werden.<\/p>\n<p>Dieses Produkt wurde verwendet. Das bedeutet, dass das Produkt Gebrauchsspuren wie Korrosion, Farbe, Kratzer usw. aufweisen kann.<\/p>\n<p>Wird mit 1 Schl\u00fcssel geliefert. Wird ohne Dichtung geliefert.<\/p>\n<p>&nbsp;<\/p>\n","protected":false},"excerpt":{"rendered":"<p>Westfalia Anh\u00e4nger T\u00fcrgriff au\u00dfen gebogen mit runder Basis. Dieser T\u00fcrgriff kann sowohl an Anh\u00e4ngern als auch an Wohnwagen verwendet werden. Dieses Produkt wurde verwendet. Das bedeutet, dass das Produkt Gebrauchsspuren wie Korrosion, Farbe, Kratzer usw. aufweisen kann. Wird mit 1 Schl\u00fcssel geliefert. Wird ohne Dichtung geliefert. &nbsp;<\/p>\n","protected":false},"featured_media":22767,"template":"","meta":[],"product_cat":[814,695,698,696,697,689,690,688],"product_tag":[],"_links":{"self":[{"href":"https:\/\/westys.nl\/de\/wp-json\/wp\/v2\/product\/25714"}],"collection":[{"href":"https:\/\/westys.nl\/de\/wp-json\/wp\/v2\/product"}],"about":[{"href":"https:\/\/westys.nl\/de\/wp-json\/wp\/v2\/types\/product"}],"version-history":[{"count":1,"href":"https:\/\/westys.nl\/de\/wp-json\/wp\/v2\/product\/25714\/revisions"}],"predecessor-version":[{"id":25726,"href":"https:\/\/westys.nl\/de\/wp-json\/wp\/v2\/product\/25714\/revisions\/25726"}],"wp:featuredmedia":[{"embeddable":true,"href":"https:\/\/westys.nl\/de\/wp-json\/wp\/v2\/media\/22767"}],"wp:attachment":[{"href":"https:\/\/westys.nl\/de\/wp-json\/wp\/v2\/media?parent=25714"}],"wp:term":[{"taxonomy":"product_cat","embeddable":true,"href":"https:\/\/westys.nl\/de\/wp-json\/wp\/v2\/product_cat?post=25714"},{"taxonomy":"product_tag","embeddable":true,"href":"https:\/\/westys.nl\/de\/wp-json\/wp\/v2\/product_tag?post=25714"}],"curies":[{"name":"wp","href":"https:\/\/api.w.org\/{rel}","templated":true}]}}