{"id":25720,"date":"2023-03-06T13:27:30","date_gmt":"2023-03-06T13:27:30","guid":{"rendered":"https:\/\/westys.nl\/product\/oldtimer-westfalia-anhaenger-wohnwagen-dachleuchte\/"},"modified":"2023-10-03T10:56:55","modified_gmt":"2023-10-03T10:56:55","slug":"oldtimer-westfalia-anhanger-dachhaube-komplett","status":"publish","type":"product","link":"https:\/\/westys.nl\/de\/product\/oldtimer-westfalia-anhanger-dachhaube-komplett\/","title":{"rendered":"Oldtimer Westfalia Anh\u00e4nger Wohnwagen Dachleuchte"},"content":{"rendered":"<p>Westfalia Dachleuchte ist eine Nachbildung. Dieses Produkt besteht nur aus der Dachleuchte und wird ohne Befestigungsmittel geliefert.<\/p>\n<p>Je nach Baujahr des Anh\u00e4ngers kann die Dachluke auf 2 Arten angebracht werden. Die L\u00f6cher daf\u00fcr m\u00fcssen Sie selbst bohren.<\/p>\n<p>F\u00fcr die Methode mit den Gummischn\u00fcren k\u00f6nnen Sie in unserem Webshop Lichtkuppelschnur \u00f810 bestellen. Auch die Ringe aus rostfreiem Stahl zur Befestigung sind im Webshop erh\u00e4ltlich.<\/p>\n<p>Die Dachluke hat eine passende transparente orange Farbe f\u00fcr einen Westfalia Anh\u00e4nger\/Wohnwagen, unterscheidet sich aber von einer originalen Dachluke.<\/p>\n<p>&nbsp;<\/p>\n<p>&nbsp;<\/p>\n<p>&nbsp;<\/p>\n<p>&nbsp;<\/p>\n","protected":false},"excerpt":{"rendered":"<p>Westfalia Dachleuchte ist eine Nachbildung. Dieses Produkt besteht nur aus der Dachleuchte und wird ohne Befestigungsmittel geliefert. Je nach Baujahr des Anh\u00e4ngers kann die Dachluke auf 2 Arten angebracht werden. Die L\u00f6cher daf\u00fcr m\u00fcssen Sie selbst bohren. F\u00fcr die Methode mit den Gummischn\u00fcren k\u00f6nnen Sie in unserem Webshop Lichtkuppelschnur \u00f810 bestellen. Auch die Ringe aus [&hellip;]<\/p>\n","protected":false},"featured_media":22764,"template":"","meta":[],"product_cat":[698,696,689,690,688],"product_tag":[],"_links":{"self":[{"href":"https:\/\/westys.nl\/de\/wp-json\/wp\/v2\/product\/25720"}],"collection":[{"href":"https:\/\/westys.nl\/de\/wp-json\/wp\/v2\/product"}],"about":[{"href":"https:\/\/westys.nl\/de\/wp-json\/wp\/v2\/types\/product"}],"version-history":[{"count":1,"href":"https:\/\/westys.nl\/de\/wp-json\/wp\/v2\/product\/25720\/revisions"}],"predecessor-version":[{"id":25761,"href":"https:\/\/westys.nl\/de\/wp-json\/wp\/v2\/product\/25720\/revisions\/25761"}],"wp:featuredmedia":[{"embeddable":true,"href":"https:\/\/westys.nl\/de\/wp-json\/wp\/v2\/media\/22764"}],"wp:attachment":[{"href":"https:\/\/westys.nl\/de\/wp-json\/wp\/v2\/media?parent=25720"}],"wp:term":[{"taxonomy":"product_cat","embeddable":true,"href":"https:\/\/westys.nl\/de\/wp-json\/wp\/v2\/product_cat?post=25720"},{"taxonomy":"product_tag","embeddable":true,"href":"https:\/\/westys.nl\/de\/wp-json\/wp\/v2\/product_tag?post=25720"}],"curies":[{"name":"wp","href":"https:\/\/api.w.org\/{rel}","templated":true}]}}