{"id":25735,"date":"2023-02-15T14:11:29","date_gmt":"2023-02-15T14:11:29","guid":{"rendered":"https:\/\/westys.nl\/product\/oldtimer-westfalia-wohnwagen-wasserfuellschlauch-gebraucht\/"},"modified":"2024-02-02T17:12:21","modified_gmt":"2024-02-02T17:12:21","slug":"oldtimer-westfalia-wohnwagen-wasser-fullschlauch-gebraucht","status":"publish","type":"product","link":"https:\/\/westys.nl\/de\/product\/oldtimer-westfalia-wohnwagen-wasser-fullschlauch-gebraucht\/","title":{"rendered":"Oldtimer Westfalia Wohnwagen Wasserf\u00fcllschlauch (gebraucht)"},"content":{"rendered":"<p>Gebrauchter Westfalia Wohnwagen Wasserf\u00fcllschlauch. Geeignet f\u00fcr verschiedene Wohnwagentypen. Der Schlauch ist benutzt worden. Das bedeutet, dass es eine gewisse Form von Alterung, Kratzern und anderen Gebrauchsspuren aufweisen kann. Dieses Produkt kann auch eingef\u00e4rbt sein oder Spuren von Farbe enthalten.<\/p>\n","protected":false},"excerpt":{"rendered":"<p>Gebrauchter Westfalia Wohnwagen Wasserf\u00fcllschlauch. Geeignet f\u00fcr verschiedene Wohnwagentypen. Der Schlauch ist benutzt worden. Das bedeutet, dass es eine gewisse Form von Alterung, Kratzern und anderen Gebrauchsspuren aufweisen kann. Dieses Produkt kann auch eingef\u00e4rbt sein oder Spuren von Farbe enthalten.<\/p>\n","protected":false},"featured_media":22611,"template":"","meta":[],"product_cat":[688],"product_tag":[],"_links":{"self":[{"href":"https:\/\/westys.nl\/de\/wp-json\/wp\/v2\/product\/25735"}],"collection":[{"href":"https:\/\/westys.nl\/de\/wp-json\/wp\/v2\/product"}],"about":[{"href":"https:\/\/westys.nl\/de\/wp-json\/wp\/v2\/types\/product"}],"version-history":[{"count":1,"href":"https:\/\/westys.nl\/de\/wp-json\/wp\/v2\/product\/25735\/revisions"}],"predecessor-version":[{"id":25768,"href":"https:\/\/westys.nl\/de\/wp-json\/wp\/v2\/product\/25735\/revisions\/25768"}],"wp:featuredmedia":[{"embeddable":true,"href":"https:\/\/westys.nl\/de\/wp-json\/wp\/v2\/media\/22611"}],"wp:attachment":[{"href":"https:\/\/westys.nl\/de\/wp-json\/wp\/v2\/media?parent=25735"}],"wp:term":[{"taxonomy":"product_cat","embeddable":true,"href":"https:\/\/westys.nl\/de\/wp-json\/wp\/v2\/product_cat?post=25735"},{"taxonomy":"product_tag","embeddable":true,"href":"https:\/\/westys.nl\/de\/wp-json\/wp\/v2\/product_tag?post=25735"}],"curies":[{"name":"wp","href":"https:\/\/api.w.org\/{rel}","templated":true}]}}