{"id":25736,"date":"2023-02-18T20:09:38","date_gmt":"2023-02-18T20:09:38","guid":{"rendered":"https:\/\/westys.nl\/product\/oldtimer-westfalia-anhaenger-essen-gardinenrahmen\/"},"modified":"2023-10-03T10:56:59","modified_gmt":"2023-10-03T10:56:59","slug":"oldtimer-westfalia-auflieger-essen-huif-rahmen","status":"publish","type":"product","link":"https:\/\/westys.nl\/de\/product\/oldtimer-westfalia-auflieger-essen-huif-rahmen\/","title":{"rendered":"Oldtimer Westfalia Anh\u00e4nger Essen Gardinenrahmen"},"content":{"rendered":"<p>Oldtimer Westfalia Anh\u00e4ngerrahmen f\u00fcr Motorhaube ist ein Nachbau. Hier geht es nur um den Rahmen. Es wird unbehandelt geliefert.<\/p>\n<p>Geeignet f\u00fcr Essen 121002A und B.<\/p>\n","protected":false},"excerpt":{"rendered":"<p>Oldtimer Westfalia Anh\u00e4ngerrahmen f\u00fcr Motorhaube ist ein Nachbau. Hier geht es nur um den Rahmen. Es wird unbehandelt geliefert. Geeignet f\u00fcr Essen 121002A und B.<\/p>\n","protected":false},"featured_media":22677,"template":"","meta":[],"product_cat":[759,758,778],"product_tag":[],"_links":{"self":[{"href":"https:\/\/westys.nl\/de\/wp-json\/wp\/v2\/product\/25736"}],"collection":[{"href":"https:\/\/westys.nl\/de\/wp-json\/wp\/v2\/product"}],"about":[{"href":"https:\/\/westys.nl\/de\/wp-json\/wp\/v2\/types\/product"}],"version-history":[{"count":1,"href":"https:\/\/westys.nl\/de\/wp-json\/wp\/v2\/product\/25736\/revisions"}],"predecessor-version":[{"id":25767,"href":"https:\/\/westys.nl\/de\/wp-json\/wp\/v2\/product\/25736\/revisions\/25767"}],"wp:featuredmedia":[{"embeddable":true,"href":"https:\/\/westys.nl\/de\/wp-json\/wp\/v2\/media\/22677"}],"wp:attachment":[{"href":"https:\/\/westys.nl\/de\/wp-json\/wp\/v2\/media?parent=25736"}],"wp:term":[{"taxonomy":"product_cat","embeddable":true,"href":"https:\/\/westys.nl\/de\/wp-json\/wp\/v2\/product_cat?post=25736"},{"taxonomy":"product_tag","embeddable":true,"href":"https:\/\/westys.nl\/de\/wp-json\/wp\/v2\/product_tag?post=25736"}],"curies":[{"name":"wp","href":"https:\/\/api.w.org\/{rel}","templated":true}]}}