{"id":25737,"date":"2023-02-16T10:40:38","date_gmt":"2023-02-16T10:40:38","guid":{"rendered":"https:\/\/westys.nl\/product\/oldtimer-westfalia-anhaenger-radlager-30205dy\/"},"modified":"2023-10-03T10:56:45","modified_gmt":"2023-10-03T10:56:45","slug":"oldtimer-westfalia-anhanger-radlager-30205dy","status":"publish","type":"product","link":"https:\/\/westys.nl\/de\/product\/oldtimer-westfalia-anhanger-radlager-30205dy\/","title":{"rendered":"Oldtimer Westfalia Anh\u00e4nger Radlager 30205DY"},"content":{"rendered":"<p>Das Westfalia-Anh\u00e4nger-Radlager 30205DY von FAG ist ein Originalprodukt und wird in Wohnwagen und Anh\u00e4ngern eingesetzt.<\/p>\n<p>Bitte \u00fcberpr\u00fcfen Sie die Lagernummer, bevor Sie die Bestellung aufgeben.<\/p>\n<p>&nbsp;<\/p>\n<p>&nbsp;<\/p>\n<p>&nbsp;<\/p>\n","protected":false},"excerpt":{"rendered":"<p>Das Westfalia-Anh\u00e4nger-Radlager 30205DY von FAG ist ein Originalprodukt und wird in Wohnwagen und Anh\u00e4ngern eingesetzt. Bitte \u00fcberpr\u00fcfen Sie die Lagernummer, bevor Sie die Bestellung aufgeben. &nbsp; &nbsp; &nbsp;<\/p>\n","protected":false},"featured_media":22629,"template":"","meta":[],"product_cat":[811,756,692,695,776,693,698,703,686,687,896,696,706,702,707,699,705,777,701,694,700,691,697,689,728,690,704,688],"product_tag":[],"_links":{"self":[{"href":"https:\/\/westys.nl\/de\/wp-json\/wp\/v2\/product\/25737"}],"collection":[{"href":"https:\/\/westys.nl\/de\/wp-json\/wp\/v2\/product"}],"about":[{"href":"https:\/\/westys.nl\/de\/wp-json\/wp\/v2\/types\/product"}],"version-history":[{"count":1,"href":"https:\/\/westys.nl\/de\/wp-json\/wp\/v2\/product\/25737\/revisions"}],"predecessor-version":[{"id":25748,"href":"https:\/\/westys.nl\/de\/wp-json\/wp\/v2\/product\/25737\/revisions\/25748"}],"wp:featuredmedia":[{"embeddable":true,"href":"https:\/\/westys.nl\/de\/wp-json\/wp\/v2\/media\/22629"}],"wp:attachment":[{"href":"https:\/\/westys.nl\/de\/wp-json\/wp\/v2\/media?parent=25737"}],"wp:term":[{"taxonomy":"product_cat","embeddable":true,"href":"https:\/\/westys.nl\/de\/wp-json\/wp\/v2\/product_cat?post=25737"},{"taxonomy":"product_tag","embeddable":true,"href":"https:\/\/westys.nl\/de\/wp-json\/wp\/v2\/product_tag?post=25737"}],"curies":[{"name":"wp","href":"https:\/\/api.w.org\/{rel}","templated":true}]}}