{"id":25803,"date":"2023-01-28T16:04:46","date_gmt":"2023-01-28T16:04:46","guid":{"rendered":"https:\/\/westys.nl\/product\/oldtimer-westfalia-anhaenger-muetze-trucker-westfalia-weiss-schwarz\/"},"modified":"2023-10-03T10:58:56","modified_gmt":"2023-10-03T10:58:56","slug":"vintage-westfalia-anhaenger-trucker-tier-westfalia-weiss-schwarz","status":"publish","type":"product","link":"https:\/\/westys.nl\/de\/product\/vintage-westfalia-anhaenger-trucker-tier-westfalia-weiss-schwarz\/","title":{"rendered":"Oldtimer Westfalia Anh\u00e4nger M\u00fctze Trucker Westfalia wei\u00df\/schwarz"},"content":{"rendered":"<p><span lang=\"en\">Westfalia Trucker Kappe wei\u00df\/schwarz.<br \/>\n<\/span><\/p>\n","protected":false},"excerpt":{"rendered":"<p>Westfalia Trucker Kappe wei\u00df\/schwarz.<\/p>\n","protected":false},"featured_media":22344,"template":"","meta":[],"product_cat":[804],"product_tag":[],"_links":{"self":[{"href":"https:\/\/westys.nl\/de\/wp-json\/wp\/v2\/product\/25803"}],"collection":[{"href":"https:\/\/westys.nl\/de\/wp-json\/wp\/v2\/product"}],"about":[{"href":"https:\/\/westys.nl\/de\/wp-json\/wp\/v2\/types\/product"}],"version-history":[{"count":1,"href":"https:\/\/westys.nl\/de\/wp-json\/wp\/v2\/product\/25803\/revisions"}],"predecessor-version":[{"id":25841,"href":"https:\/\/westys.nl\/de\/wp-json\/wp\/v2\/product\/25803\/revisions\/25841"}],"wp:featuredmedia":[{"embeddable":true,"href":"https:\/\/westys.nl\/de\/wp-json\/wp\/v2\/media\/22344"}],"wp:attachment":[{"href":"https:\/\/westys.nl\/de\/wp-json\/wp\/v2\/media?parent=25803"}],"wp:term":[{"taxonomy":"product_cat","embeddable":true,"href":"https:\/\/westys.nl\/de\/wp-json\/wp\/v2\/product_cat?post=25803"},{"taxonomy":"product_tag","embeddable":true,"href":"https:\/\/westys.nl\/de\/wp-json\/wp\/v2\/product_tag?post=25803"}],"curies":[{"name":"wp","href":"https:\/\/api.w.org\/{rel}","templated":true}]}}