{"id":25812,"date":"2023-01-26T13:31:50","date_gmt":"2023-01-26T13:31:50","guid":{"rendered":"https:\/\/westys.nl\/product\/oldtimer-westfalia-caravan-getraenkebrett-gebraucht\/"},"modified":"2023-10-03T10:58:46","modified_gmt":"2023-10-03T10:58:46","slug":"oldtimer-westfalia-wohnwagen-eckbank-gebraucht","status":"publish","type":"product","link":"https:\/\/westys.nl\/de\/product\/oldtimer-westfalia-wohnwagen-eckbank-gebraucht\/","title":{"rendered":"Oldtimer Westfalia Caravan Getr\u00e4nkebrett (gebraucht)"},"content":{"rendered":"<p><span lang=\"en\">Westfalia Wohnwagen-Getr\u00e4nkebrett. Fr\u00fcher wurde es vom niederl\u00e4ndischen Westfalia-H\u00e4ndler de Witte als Werbegeschenk verwendet. Gebraucht, aber immer noch in neuem Zustand.<br \/>\n<\/span><\/p>\n","protected":false},"excerpt":{"rendered":"<p>Westfalia Wohnwagen-Getr\u00e4nkebrett. Fr\u00fcher wurde es vom niederl\u00e4ndischen Westfalia-H\u00e4ndler de Witte als Werbegeschenk verwendet. Gebraucht, aber immer noch in neuem Zustand.<\/p>\n","protected":false},"featured_media":22308,"template":"","meta":[],"product_cat":[758,804,688,802],"product_tag":[],"_links":{"self":[{"href":"https:\/\/westys.nl\/de\/wp-json\/wp\/v2\/product\/25812"}],"collection":[{"href":"https:\/\/westys.nl\/de\/wp-json\/wp\/v2\/product"}],"about":[{"href":"https:\/\/westys.nl\/de\/wp-json\/wp\/v2\/types\/product"}],"version-history":[{"count":1,"href":"https:\/\/westys.nl\/de\/wp-json\/wp\/v2\/product\/25812\/revisions"}],"predecessor-version":[{"id":25825,"href":"https:\/\/westys.nl\/de\/wp-json\/wp\/v2\/product\/25812\/revisions\/25825"}],"wp:featuredmedia":[{"embeddable":true,"href":"https:\/\/westys.nl\/de\/wp-json\/wp\/v2\/media\/22308"}],"wp:attachment":[{"href":"https:\/\/westys.nl\/de\/wp-json\/wp\/v2\/media?parent=25812"}],"wp:term":[{"taxonomy":"product_cat","embeddable":true,"href":"https:\/\/westys.nl\/de\/wp-json\/wp\/v2\/product_cat?post=25812"},{"taxonomy":"product_tag","embeddable":true,"href":"https:\/\/westys.nl\/de\/wp-json\/wp\/v2\/product_tag?post=25812"}],"curies":[{"name":"wp","href":"https:\/\/api.w.org\/{rel}","templated":true}]}}