{"id":25860,"date":"2022-11-27T20:26:02","date_gmt":"2022-11-27T20:26:02","guid":{"rendered":"https:\/\/westys.nl\/product\/oldtimer-westfalia-anhaenger-reflektor-80-geschraubt-rot\/"},"modified":"2023-10-03T12:08:40","modified_gmt":"2023-10-03T12:08:40","slug":"oldtimer-westfalia-anhanger-reflektor-80-geschraubt-rot-2","status":"publish","type":"product","link":"https:\/\/westys.nl\/de\/product\/oldtimer-westfalia-anhanger-reflektor-80-geschraubt-rot-2\/","title":{"rendered":"Oldtimer Westfalia Anh\u00e4nger Reflektor 80 geschraubt rot"},"content":{"rendered":"<div class=\"tab-panels\">\n<div id=\"tab-description\" class=\"woocommerce-Tabs-panel woocommerce-Tabs-panel--description panel entry-content active\" role=\"tabpanel\" aria-labelledby=\"tab-title-description\">\n<p id=\"tw-target-text\" class=\"tw-data-text tw-text-large tw-ta\" dir=\"ltr\" data-placeholder=\"Vertaling\"><span class=\"Y2IQFc\" lang=\"en\">Reflektor rund (Kunststoffgrundplatte) mit Schraubenloch  <\/span><\/p>\n<p class=\"tw-data-text tw-text-large tw-ta\" dir=\"ltr\" data-placeholder=\"Vertaling\"><span class=\"Y2IQFc\" lang=\"en\">Farbe Rot  <\/span><\/p>\n<p class=\"tw-data-text tw-text-large tw-ta\" dir=\"ltr\" data-placeholder=\"Vertaling\"><span class=\"Y2IQFc\" lang=\"en\">E-Stempel  <\/span><\/p>\n<p class=\"tw-data-text tw-text-large tw-ta\" dir=\"ltr\" data-placeholder=\"Vertaling\"><span class=\"Y2IQFc\" lang=\"en\">Durchmesser: 80 mm  <\/span><\/p>\n<p class=\"tw-data-text tw-text-large tw-ta\" dir=\"ltr\" data-placeholder=\"Vertaling\"><span class=\"Y2IQFc\" lang=\"en\">Ausgestattet mit zentralem Befestigungsloch f\u00fcr Schraubmontage  <\/span><\/p>\n<p class=\"tw-data-text tw-text-large tw-ta\" dir=\"ltr\" data-placeholder=\"Vertaling\"><span class=\"Y2IQFc\" lang=\"en\">ACHTUNG! Es handelt sich nicht um ein Originalprodukt von Westfalia, aber es ist eine sch\u00f6ne Erg\u00e4nzung f\u00fcr die Sichtbarkeit\/Sicherheit des Anh\u00e4ngers.<\/span><\/p>\n<\/div>\n<\/div>\n","protected":false},"excerpt":{"rendered":"<p>Reflektor rund (Kunststoffgrundplatte) mit Schraubenloch Farbe Rot E-Stempel Durchmesser: 80 mm Ausgestattet mit zentralem Befestigungsloch f\u00fcr Schraubmontage ACHTUNG! Es handelt sich nicht um ein Originalprodukt von Westfalia, aber es ist eine sch\u00f6ne Erg\u00e4nzung f\u00fcr die Sichtbarkeit\/Sicherheit des Anh\u00e4ngers.<\/p>\n","protected":false},"featured_media":22110,"template":"","meta":[],"product_cat":[815,692,695,776,693,698,703,778,686,687,896,795,696,706,702,707,699,705,777,701,694,700,691,697,689,728,690,704,688],"product_tag":[],"_links":{"self":[{"href":"https:\/\/westys.nl\/de\/wp-json\/wp\/v2\/product\/25860"}],"collection":[{"href":"https:\/\/westys.nl\/de\/wp-json\/wp\/v2\/product"}],"about":[{"href":"https:\/\/westys.nl\/de\/wp-json\/wp\/v2\/types\/product"}],"version-history":[{"count":1,"href":"https:\/\/westys.nl\/de\/wp-json\/wp\/v2\/product\/25860\/revisions"}],"predecessor-version":[{"id":25889,"href":"https:\/\/westys.nl\/de\/wp-json\/wp\/v2\/product\/25860\/revisions\/25889"}],"wp:featuredmedia":[{"embeddable":true,"href":"https:\/\/westys.nl\/de\/wp-json\/wp\/v2\/media\/22110"}],"wp:attachment":[{"href":"https:\/\/westys.nl\/de\/wp-json\/wp\/v2\/media?parent=25860"}],"wp:term":[{"taxonomy":"product_cat","embeddable":true,"href":"https:\/\/westys.nl\/de\/wp-json\/wp\/v2\/product_cat?post=25860"},{"taxonomy":"product_tag","embeddable":true,"href":"https:\/\/westys.nl\/de\/wp-json\/wp\/v2\/product_tag?post=25860"}],"curies":[{"name":"wp","href":"https:\/\/api.w.org\/{rel}","templated":true}]}}