{"id":25867,"date":"2022-11-25T11:09:04","date_gmt":"2022-11-25T11:09:04","guid":{"rendered":"https:\/\/westys.nl\/product\/oldtimer-westfalia-anhaenger-reflektor-58-weiss\/"},"modified":"2023-10-03T12:08:42","modified_gmt":"2023-10-03T12:08:42","slug":"oldtimer-westfalia-anhaenger-reflektor-58-weiss","status":"publish","type":"product","link":"https:\/\/westys.nl\/de\/product\/oldtimer-westfalia-anhaenger-reflektor-58-weiss\/","title":{"rendered":"Oldtimer Westfalia Anh\u00e4nger Reflektor 58 wei\u00df"},"content":{"rendered":"<div class=\"tab-panels\">\n<div id=\"tab-description\" class=\"woocommerce-Tabs-panel woocommerce-Tabs-panel--description panel entry-content active\" role=\"tabpanel\" aria-labelledby=\"tab-title-description\">\n<div class=\"tab-panels\">\n<div id=\"tab-description\" class=\"woocommerce-Tabs-panel woocommerce-Tabs-panel--description panel entry-content active\" role=\"tabpanel\" aria-labelledby=\"tab-title-description\">\n<p>Reflektor rund (Kunststoffgrundplatte) mit Klebestreifen<\/p>\n<p>Farbe: wei\u00df<br \/>\nE4-Etikett<br \/>\nDurchmesser: 58 mm<\/p>\n<\/div>\n<\/div>\n<\/div>\n<\/div>\n<p>Achtung! Es handelt sich nicht um ein Originalprodukt von Westfalia, aber es ist eine sch\u00f6ne Erg\u00e4nzung f\u00fcr die Sichtbarkeit\/Sicherheit des Anh\u00e4ngers.<\/p>\n","protected":false},"excerpt":{"rendered":"<p>Reflektor rund (Kunststoffgrundplatte) mit Klebestreifen Farbe: wei\u00df E4-Etikett Durchmesser: 58 mm Achtung! Es handelt sich nicht um ein Originalprodukt von Westfalia, aber es ist eine sch\u00f6ne Erg\u00e4nzung f\u00fcr die Sichtbarkeit\/Sicherheit des Anh\u00e4ngers.<\/p>\n","protected":false},"featured_media":22128,"template":"","meta":[],"product_cat":[815,692,695,776,693,698,703,778,686,687,896,795,696,706,702,707,699,705,777,701,694,700,691,697,689,728,690,704,688],"product_tag":[],"_links":{"self":[{"href":"https:\/\/westys.nl\/de\/wp-json\/wp\/v2\/product\/25867"}],"collection":[{"href":"https:\/\/westys.nl\/de\/wp-json\/wp\/v2\/product"}],"about":[{"href":"https:\/\/westys.nl\/de\/wp-json\/wp\/v2\/types\/product"}],"version-history":[{"count":1,"href":"https:\/\/westys.nl\/de\/wp-json\/wp\/v2\/product\/25867\/revisions"}],"predecessor-version":[{"id":25897,"href":"https:\/\/westys.nl\/de\/wp-json\/wp\/v2\/product\/25867\/revisions\/25897"}],"wp:featuredmedia":[{"embeddable":true,"href":"https:\/\/westys.nl\/de\/wp-json\/wp\/v2\/media\/22128"}],"wp:attachment":[{"href":"https:\/\/westys.nl\/de\/wp-json\/wp\/v2\/media?parent=25867"}],"wp:term":[{"taxonomy":"product_cat","embeddable":true,"href":"https:\/\/westys.nl\/de\/wp-json\/wp\/v2\/product_cat?post=25867"},{"taxonomy":"product_tag","embeddable":true,"href":"https:\/\/westys.nl\/de\/wp-json\/wp\/v2\/product_tag?post=25867"}],"curies":[{"name":"wp","href":"https:\/\/api.w.org\/{rel}","templated":true}]}}