{"id":25869,"date":"2022-11-24T14:42:19","date_gmt":"2022-11-24T14:42:19","guid":{"rendered":"https:\/\/westys.nl\/product\/oldtimer-westfalia-anhaenger-reflektor-96x42-geschraubt-orange\/"},"modified":"2023-10-03T12:08:51","modified_gmt":"2023-10-03T12:08:51","slug":"oldtimer-westfalia-anhanger-reflektor-96x42-geschraubt-orange","status":"publish","type":"product","link":"https:\/\/westys.nl\/de\/product\/oldtimer-westfalia-anhanger-reflektor-96x42-geschraubt-orange\/","title":{"rendered":"Oldtimer Westfalia Anh\u00e4nger Reflektor 96&#215;42 geschraubt orange"},"content":{"rendered":"<p>Orangefarbener Reflektor<br \/>\nAusgestattet mit Klebestreifen kann auch geschraubt werden<br \/>\nAbmessungen: 96\u00d742 mm<br \/>\nE20 genehmigt<\/p>\n<p>Achtung! Es handelt sich nicht um ein Originalprodukt von Westfalia, aber es ist eine sch\u00f6ne Erg\u00e4nzung f\u00fcr die Sichtbarkeit\/Sicherheit des Anh\u00e4ngers.<\/p>\n","protected":false},"excerpt":{"rendered":"<p>Orangefarbener Reflektor Ausgestattet mit Klebestreifen kann auch geschraubt werden Abmessungen: 96\u00d742 mm E20 genehmigt Achtung! Es handelt sich nicht um ein Originalprodukt von Westfalia, aber es ist eine sch\u00f6ne Erg\u00e4nzung f\u00fcr die Sichtbarkeit\/Sicherheit des Anh\u00e4ngers.<\/p>\n","protected":false},"featured_media":22116,"template":"","meta":[],"product_cat":[815,758,692,695,776,693,698,703,778,686,687,896,795,696,706,702,707,699,705,777,701,694,700,691,697,689,728,690,704,688],"product_tag":[],"_links":{"self":[{"href":"https:\/\/westys.nl\/de\/wp-json\/wp\/v2\/product\/25869"}],"collection":[{"href":"https:\/\/westys.nl\/de\/wp-json\/wp\/v2\/product"}],"about":[{"href":"https:\/\/westys.nl\/de\/wp-json\/wp\/v2\/types\/product"}],"version-history":[{"count":1,"href":"https:\/\/westys.nl\/de\/wp-json\/wp\/v2\/product\/25869\/revisions"}],"predecessor-version":[{"id":25922,"href":"https:\/\/westys.nl\/de\/wp-json\/wp\/v2\/product\/25869\/revisions\/25922"}],"wp:featuredmedia":[{"embeddable":true,"href":"https:\/\/westys.nl\/de\/wp-json\/wp\/v2\/media\/22116"}],"wp:attachment":[{"href":"https:\/\/westys.nl\/de\/wp-json\/wp\/v2\/media?parent=25869"}],"wp:term":[{"taxonomy":"product_cat","embeddable":true,"href":"https:\/\/westys.nl\/de\/wp-json\/wp\/v2\/product_cat?post=25869"},{"taxonomy":"product_tag","embeddable":true,"href":"https:\/\/westys.nl\/de\/wp-json\/wp\/v2\/product_tag?post=25869"}],"curies":[{"name":"wp","href":"https:\/\/api.w.org\/{rel}","templated":true}]}}