{"id":25892,"date":"2022-11-27T19:35:29","date_gmt":"2022-11-27T19:35:29","guid":{"rendered":"https:\/\/westys.nl\/product\/oldtimer-westfalia-anhaenger-reflektor-82x36-orange\/"},"modified":"2023-10-03T12:08:41","modified_gmt":"2023-10-03T12:08:41","slug":"oldtimer-westfalia-anhanger-reflektor-82x36-orange","status":"publish","type":"product","link":"https:\/\/westys.nl\/de\/product\/oldtimer-westfalia-anhanger-reflektor-82x36-orange\/","title":{"rendered":"Oldtimer Westfalia Anh\u00e4nger Reflektor 82&#215;36 orange"},"content":{"rendered":"<p>Orangefarbener Reflektor 82\u00d736 mm selbstklebend<br \/>\nAusgestattet mit Klebestreifen<\/p>\n<p>Reflektor durch Kleben befestigt, kann nicht angeschraubt werden<\/p>\n<p>Achtung! Es handelt sich nicht um ein Originalprodukt von Westfalia, aber es ist eine sch\u00f6ne Erg\u00e4nzung f\u00fcr die Sichtbarkeit\/Sicherheit des Anh\u00e4ngers.<\/p>\n","protected":false},"excerpt":{"rendered":"<p>Orangefarbener Reflektor 82\u00d736 mm selbstklebend Ausgestattet mit Klebestreifen Reflektor durch Kleben befestigt, kann nicht angeschraubt werden Achtung! Es handelt sich nicht um ein Originalprodukt von Westfalia, aber es ist eine sch\u00f6ne Erg\u00e4nzung f\u00fcr die Sichtbarkeit\/Sicherheit des Anh\u00e4ngers.<\/p>\n","protected":false},"featured_media":22125,"template":"","meta":[],"product_cat":[815,692,695,776,693,698,703,778,686,687,896,795,696,706,702,707,699,705,777,701,694,700,691,697,689,728,690,704,688],"product_tag":[],"_links":{"self":[{"href":"https:\/\/westys.nl\/de\/wp-json\/wp\/v2\/product\/25892"}],"collection":[{"href":"https:\/\/westys.nl\/de\/wp-json\/wp\/v2\/product"}],"about":[{"href":"https:\/\/westys.nl\/de\/wp-json\/wp\/v2\/types\/product"}],"version-history":[{"count":1,"href":"https:\/\/westys.nl\/de\/wp-json\/wp\/v2\/product\/25892\/revisions"}],"predecessor-version":[{"id":25899,"href":"https:\/\/westys.nl\/de\/wp-json\/wp\/v2\/product\/25892\/revisions\/25899"}],"wp:featuredmedia":[{"embeddable":true,"href":"https:\/\/westys.nl\/de\/wp-json\/wp\/v2\/media\/22125"}],"wp:attachment":[{"href":"https:\/\/westys.nl\/de\/wp-json\/wp\/v2\/media?parent=25892"}],"wp:term":[{"taxonomy":"product_cat","embeddable":true,"href":"https:\/\/westys.nl\/de\/wp-json\/wp\/v2\/product_cat?post=25892"},{"taxonomy":"product_tag","embeddable":true,"href":"https:\/\/westys.nl\/de\/wp-json\/wp\/v2\/product_tag?post=25892"}],"curies":[{"name":"wp","href":"https:\/\/api.w.org\/{rel}","templated":true}]}}