{"id":25894,"date":"2022-11-24T14:47:01","date_gmt":"2022-11-24T14:47:01","guid":{"rendered":"https:\/\/westys.nl\/product\/oldtimer-westfalia-anhaenger-rueckstrahler-85x39-rot\/"},"modified":"2023-10-03T12:08:43","modified_gmt":"2023-10-03T12:08:43","slug":"oldtimer-westfalia-anhanger-ruckstrahler-85x39-rot","status":"publish","type":"product","link":"https:\/\/westys.nl\/de\/product\/oldtimer-westfalia-anhanger-ruckstrahler-85x39-rot\/","title":{"rendered":"Oldtimer Westfalia Anh\u00e4nger R\u00fcckstrahler 85\u00d739 rot"},"content":{"rendered":"<div class=\"tab-panels\">\n<div id=\"tab-description\" class=\"woocommerce-Tabs-panel woocommerce-Tabs-panel--description panel entry-content active\" role=\"tabpanel\" aria-labelledby=\"tab-title-description\">\n<p>Roter Reflektor auf der Grundplatte<br \/>\nAusgestattet mit Klebestreifen<br \/>\nGr\u00f6\u00dfe: 85\u00d739 mm<br \/>\nE4 genehmigt<\/p>\n<p>Reflektor durch Kleben befestigt, kann nicht angeschraubt werden<\/p>\n<\/div>\n<\/div>\n<p>Achtung! Es handelt sich nicht um ein Originalprodukt von Westfalia, aber es ist eine sch\u00f6ne Erg\u00e4nzung f\u00fcr die Sichtbarkeit\/Sicherheit des Anh\u00e4ngers.<\/p>\n","protected":false},"excerpt":{"rendered":"<p>Roter Reflektor auf der Grundplatte Ausgestattet mit Klebestreifen Gr\u00f6\u00dfe: 85\u00d739 mm E4 genehmigt Reflektor durch Kleben befestigt, kann nicht angeschraubt werden Achtung! Es handelt sich nicht um ein Originalprodukt von Westfalia, aber es ist eine sch\u00f6ne Erg\u00e4nzung f\u00fcr die Sichtbarkeit\/Sicherheit des Anh\u00e4ngers.<\/p>\n","protected":false},"featured_media":22119,"template":"","meta":[],"product_cat":[815,692,695,776,693,698,703,778,686,687,896,795,696,706,702,707,699,705,777,701,694,700,691,697,689,728,690,704,688],"product_tag":[],"_links":{"self":[{"href":"https:\/\/westys.nl\/de\/wp-json\/wp\/v2\/product\/25894"}],"collection":[{"href":"https:\/\/westys.nl\/de\/wp-json\/wp\/v2\/product"}],"about":[{"href":"https:\/\/westys.nl\/de\/wp-json\/wp\/v2\/types\/product"}],"version-history":[{"count":1,"href":"https:\/\/westys.nl\/de\/wp-json\/wp\/v2\/product\/25894\/revisions"}],"predecessor-version":[{"id":25906,"href":"https:\/\/westys.nl\/de\/wp-json\/wp\/v2\/product\/25894\/revisions\/25906"}],"wp:featuredmedia":[{"embeddable":true,"href":"https:\/\/westys.nl\/de\/wp-json\/wp\/v2\/media\/22119"}],"wp:attachment":[{"href":"https:\/\/westys.nl\/de\/wp-json\/wp\/v2\/media?parent=25894"}],"wp:term":[{"taxonomy":"product_cat","embeddable":true,"href":"https:\/\/westys.nl\/de\/wp-json\/wp\/v2\/product_cat?post=25894"},{"taxonomy":"product_tag","embeddable":true,"href":"https:\/\/westys.nl\/de\/wp-json\/wp\/v2\/product_tag?post=25894"}],"curies":[{"name":"wp","href":"https:\/\/api.w.org\/{rel}","templated":true}]}}