{"id":25926,"date":"2022-11-24T13:22:36","date_gmt":"2022-11-24T13:22:36","guid":{"rendered":"https:\/\/westys.nl\/product\/oldtimer-westfalia-anhaenger-rueckstrahler-58-rot\/"},"modified":"2022-11-24T13:22:36","modified_gmt":"2022-11-24T13:22:36","slug":"oldtimer-westfalia-anhaenger-reflektor-60-geschraubt-weiss-kopie","status":"publish","type":"product","link":"https:\/\/westys.nl\/de\/product\/oldtimer-westfalia-anhaenger-reflektor-60-geschraubt-weiss-kopie\/","title":{"rendered":"Oldtimer Westfalia Anh\u00e4nger R\u00fcckstrahler 58 rot"},"content":{"rendered":"<div class=\"tab-panels\">\n<div id=\"tab-description\" class=\"woocommerce-Tabs-panel woocommerce-Tabs-panel--description panel entry-content active\" role=\"tabpanel\" aria-labelledby=\"tab-title-description\">\n<div class=\"tab-panels\">\n<div id=\"tab-description\" class=\"woocommerce-Tabs-panel woocommerce-Tabs-panel--description panel entry-content active\" role=\"tabpanel\" aria-labelledby=\"tab-title-description\">\n<p>Reflektor rund (Kunststoffgrundplatte) mit Klebestreifen<\/p>\n<p>Farbe: rot<br \/>\nE4-Etikett<br \/>\nDurchmesser: 58 mm<\/p>\n<\/div>\n<\/div>\n<\/div>\n<\/div>\n<p>Achtung! Es handelt sich nicht um ein Originalprodukt von Westfalia, aber es ist eine sch\u00f6ne Erg\u00e4nzung f\u00fcr die Sichtbarkeit\/Sicherheit des Anh\u00e4ngers.<\/p>\n","protected":false},"excerpt":{"rendered":"<p>Reflektor rund (Kunststoffgrundplatte) mit Klebestreifen Farbe: rot E4-Etikett Durchmesser: 58 mm Achtung! Es handelt sich nicht um ein Originalprodukt von Westfalia, aber es ist eine sch\u00f6ne Erg\u00e4nzung f\u00fcr die Sichtbarkeit\/Sicherheit des Anh\u00e4ngers.<\/p>\n","protected":false},"featured_media":22107,"template":"","meta":[],"product_cat":[815,692,695,776,693,698,703,778,686,687,896,795,696,706,702,707,699,705,777,701,694,700,691,697,689,728,690,704,688],"product_tag":[],"_links":{"self":[{"href":"https:\/\/westys.nl\/de\/wp-json\/wp\/v2\/product\/25926"}],"collection":[{"href":"https:\/\/westys.nl\/de\/wp-json\/wp\/v2\/product"}],"about":[{"href":"https:\/\/westys.nl\/de\/wp-json\/wp\/v2\/types\/product"}],"version-history":[{"count":0,"href":"https:\/\/westys.nl\/de\/wp-json\/wp\/v2\/product\/25926\/revisions"}],"wp:featuredmedia":[{"embeddable":true,"href":"https:\/\/westys.nl\/de\/wp-json\/wp\/v2\/media\/22107"}],"wp:attachment":[{"href":"https:\/\/westys.nl\/de\/wp-json\/wp\/v2\/media?parent=25926"}],"wp:term":[{"taxonomy":"product_cat","embeddable":true,"href":"https:\/\/westys.nl\/de\/wp-json\/wp\/v2\/product_cat?post=25926"},{"taxonomy":"product_tag","embeddable":true,"href":"https:\/\/westys.nl\/de\/wp-json\/wp\/v2\/product_tag?post=25926"}],"curies":[{"name":"wp","href":"https:\/\/api.w.org\/{rel}","templated":true}]}}