{"id":25935,"date":"2022-11-24T13:05:55","date_gmt":"2022-11-24T13:05:55","guid":{"rendered":"https:\/\/westys.nl\/product\/oldtimer-westfalia-anhaenger-reflektor-60-geschraubt-orange\/"},"modified":"2022-11-24T13:05:55","modified_gmt":"2022-11-24T13:05:55","slug":"oldtimer-westfalia-anhanger-reflektor-60-geschraubt-orange","status":"publish","type":"product","link":"https:\/\/westys.nl\/de\/product\/oldtimer-westfalia-anhanger-reflektor-60-geschraubt-orange\/","title":{"rendered":"Oldtimer Westfalia Anh\u00e4nger Reflektor 60 geschraubt orange"},"content":{"rendered":"<div class=\"tab-panels\">\n<div id=\"tab-description\" class=\"woocommerce-Tabs-panel woocommerce-Tabs-panel--description panel entry-content active\" role=\"tabpanel\" aria-labelledby=\"tab-title-description\">\n<p>Reflektor rund (Kunststoffgrundplatte) mit Schraubenloch<\/p>\n<p>Farbe: orange<br \/>\nE3 keur<br \/>\nDurchmesser: 60 mm<br \/>\nAusgestattet mit zentralem Befestigungsloch<\/p>\n<\/div>\n<\/div>\n<p>Achtung! Es handelt sich nicht um ein Originalprodukt von Westfalia, aber es ist eine sch\u00f6ne Erg\u00e4nzung f\u00fcr die Sichtbarkeit\/Sicherheit des Anh\u00e4ngers.<\/p>\n","protected":false},"excerpt":{"rendered":"<p>Reflektor rund (Kunststoffgrundplatte) mit Schraubenloch Farbe: orange E3 keur Durchmesser: 60 mm Ausgestattet mit zentralem Befestigungsloch Achtung! Es handelt sich nicht um ein Originalprodukt von Westfalia, aber es ist eine sch\u00f6ne Erg\u00e4nzung f\u00fcr die Sichtbarkeit\/Sicherheit des Anh\u00e4ngers.<\/p>\n","protected":false},"featured_media":22101,"template":"","meta":[],"product_cat":[815,692,695,776,693,698,703,778,686,687,896,795,696,706,702,707,699,705,777,701,694,700,691,697,689,728,690,704,688],"product_tag":[],"_links":{"self":[{"href":"https:\/\/westys.nl\/de\/wp-json\/wp\/v2\/product\/25935"}],"collection":[{"href":"https:\/\/westys.nl\/de\/wp-json\/wp\/v2\/product"}],"about":[{"href":"https:\/\/westys.nl\/de\/wp-json\/wp\/v2\/types\/product"}],"version-history":[{"count":0,"href":"https:\/\/westys.nl\/de\/wp-json\/wp\/v2\/product\/25935\/revisions"}],"wp:featuredmedia":[{"embeddable":true,"href":"https:\/\/westys.nl\/de\/wp-json\/wp\/v2\/media\/22101"}],"wp:attachment":[{"href":"https:\/\/westys.nl\/de\/wp-json\/wp\/v2\/media?parent=25935"}],"wp:term":[{"taxonomy":"product_cat","embeddable":true,"href":"https:\/\/westys.nl\/de\/wp-json\/wp\/v2\/product_cat?post=25935"},{"taxonomy":"product_tag","embeddable":true,"href":"https:\/\/westys.nl\/de\/wp-json\/wp\/v2\/product_tag?post=25935"}],"curies":[{"name":"wp","href":"https:\/\/api.w.org\/{rel}","templated":true}]}}