{"id":25950,"date":"2022-10-20T12:16:09","date_gmt":"2022-10-20T12:16:09","guid":{"rendered":"https:\/\/westys.nl\/product\/oldtimer-westfalia-anhaengerkupplungstraeger-mit-kabel\/"},"modified":"2022-10-20T12:16:09","modified_gmt":"2022-10-20T12:16:09","slug":"oldtimer-westfalia-anhaengerkupplungsstuetze-mit-kabel","status":"publish","type":"product","link":"https:\/\/westys.nl\/de\/product\/oldtimer-westfalia-anhaengerkupplungsstuetze-mit-kabel\/","title":{"rendered":"Oldtimer Westfalia Anh\u00e4ngerkupplungstr\u00e4ger mit Kabel"},"content":{"rendered":"<p>Westfalia Anh\u00e4nger-Abrei\u00dfseil mit Band f\u00fcr ungebremste Anh\u00e4nger<br \/>\nBolzenl\u00f6cher: vom ersten bis zum zweiten Loch = 90 mm<br \/>\nvom ersten bis zum dritten Loch = 115 mm<\/p>\n<p>&nbsp;<\/p>\n<p>&nbsp;<\/p>\n","protected":false},"excerpt":{"rendered":"<p>Westfalia Anh\u00e4nger-Abrei\u00dfseil mit Band f\u00fcr ungebremste Anh\u00e4nger Bolzenl\u00f6cher: vom ersten bis zum zweiten Loch = 90 mm vom ersten bis zum dritten Loch = 115 mm &nbsp; &nbsp;<\/p>\n","protected":false},"featured_media":21954,"template":"","meta":[],"product_cat":[790,692,695,776,693,698,703,778,686,687,896,795,696,706,702,707,699,705,777,701,694,700,691,697,689,728,690,704,688],"product_tag":[],"_links":{"self":[{"href":"https:\/\/westys.nl\/de\/wp-json\/wp\/v2\/product\/25950"}],"collection":[{"href":"https:\/\/westys.nl\/de\/wp-json\/wp\/v2\/product"}],"about":[{"href":"https:\/\/westys.nl\/de\/wp-json\/wp\/v2\/types\/product"}],"version-history":[{"count":0,"href":"https:\/\/westys.nl\/de\/wp-json\/wp\/v2\/product\/25950\/revisions"}],"wp:featuredmedia":[{"embeddable":true,"href":"https:\/\/westys.nl\/de\/wp-json\/wp\/v2\/media\/21954"}],"wp:attachment":[{"href":"https:\/\/westys.nl\/de\/wp-json\/wp\/v2\/media?parent=25950"}],"wp:term":[{"taxonomy":"product_cat","embeddable":true,"href":"https:\/\/westys.nl\/de\/wp-json\/wp\/v2\/product_cat?post=25950"},{"taxonomy":"product_tag","embeddable":true,"href":"https:\/\/westys.nl\/de\/wp-json\/wp\/v2\/product_tag?post=25950"}],"curies":[{"name":"wp","href":"https:\/\/api.w.org\/{rel}","templated":true}]}}