{"id":25958,"date":"2022-10-18T14:21:34","date_gmt":"2022-10-18T14:21:34","guid":{"rendered":"https:\/\/westys.nl\/product\/oldtimer-westfalia-anhaenger-essen-haube-rahmen-bein\/"},"modified":"2022-10-18T14:21:34","modified_gmt":"2022-10-18T14:21:34","slug":"oldtimer-westfalia-auflieger-liegeplatz-rahmen-bein","status":"publish","type":"product","link":"https:\/\/westys.nl\/de\/product\/oldtimer-westfalia-auflieger-liegeplatz-rahmen-bein\/","title":{"rendered":"Oldtimer Westfalia Anh\u00e4nger Essen Haube Rahmen Bein"},"content":{"rendered":"<p>Oldtimer Westfalia Anh\u00e4ngerbein f\u00fcr Verdeck ist ein gebrauchtes Produkt. Das bedeutet, dass es m\u00f6glicherweise eine Form von Farbe, Rost, Kratzern und anderen Gebrauchsspuren aufweist. Farbe und Gebrauchsspuren k\u00f6nnen vom Foto abweichen.<\/p>\n","protected":false},"excerpt":{"rendered":"<p>Oldtimer Westfalia Anh\u00e4ngerbein f\u00fcr Verdeck ist ein gebrauchtes Produkt. Das bedeutet, dass es m\u00f6glicherweise eine Form von Farbe, Rost, Kratzern und anderen Gebrauchsspuren aufweist. Farbe und Gebrauchsspuren k\u00f6nnen vom Foto abweichen.<\/p>\n","protected":false},"featured_media":21927,"template":"","meta":[],"product_cat":[759,758,778],"product_tag":[],"_links":{"self":[{"href":"https:\/\/westys.nl\/de\/wp-json\/wp\/v2\/product\/25958"}],"collection":[{"href":"https:\/\/westys.nl\/de\/wp-json\/wp\/v2\/product"}],"about":[{"href":"https:\/\/westys.nl\/de\/wp-json\/wp\/v2\/types\/product"}],"version-history":[{"count":0,"href":"https:\/\/westys.nl\/de\/wp-json\/wp\/v2\/product\/25958\/revisions"}],"wp:featuredmedia":[{"embeddable":true,"href":"https:\/\/westys.nl\/de\/wp-json\/wp\/v2\/media\/21927"}],"wp:attachment":[{"href":"https:\/\/westys.nl\/de\/wp-json\/wp\/v2\/media?parent=25958"}],"wp:term":[{"taxonomy":"product_cat","embeddable":true,"href":"https:\/\/westys.nl\/de\/wp-json\/wp\/v2\/product_cat?post=25958"},{"taxonomy":"product_tag","embeddable":true,"href":"https:\/\/westys.nl\/de\/wp-json\/wp\/v2\/product_tag?post=25958"}],"curies":[{"name":"wp","href":"https:\/\/api.w.org\/{rel}","templated":true}]}}