{"id":25961,"date":"2022-10-20T11:22:22","date_gmt":"2022-10-20T11:22:22","guid":{"rendered":"https:\/\/westys.nl\/product\/oldtimer-westfalia-anhaengerkupplungstraeger\/"},"modified":"2022-10-20T11:22:22","modified_gmt":"2022-10-20T11:22:22","slug":"oldtimer-westfalia-anhanger-kupplungsstutze","status":"publish","type":"product","link":"https:\/\/westys.nl\/de\/product\/oldtimer-westfalia-anhanger-kupplungsstutze\/","title":{"rendered":"Oldtimer Westfalia Anh\u00e4ngerkupplungstr\u00e4ger"},"content":{"rendered":"<p>Der Westfalia Anh\u00e4ngerkupplungstr\u00e4ger ist ein Nachbauteil. Der Abstand der L\u00f6cher betr\u00e4gt 90 mm.<\/p>\n<p>Befestigungsl\u00f6cher bei 90 mm und 116 mm<br \/>\nUniverselle Passform<\/p>\n<p>&nbsp;<\/p>\n","protected":false},"excerpt":{"rendered":"<p>Der Westfalia Anh\u00e4ngerkupplungstr\u00e4ger ist ein Nachbauteil. Der Abstand der L\u00f6cher betr\u00e4gt 90 mm. Befestigungsl\u00f6cher bei 90 mm und 116 mm Universelle Passform &nbsp;<\/p>\n","protected":false},"featured_media":21951,"template":"","meta":[],"product_cat":[790,692,695,776,693,698,703,778,686,687,896,795,696,706,702,707,699,705,777,701,694,700,691,697,689,728,690,704,688],"product_tag":[],"_links":{"self":[{"href":"https:\/\/westys.nl\/de\/wp-json\/wp\/v2\/product\/25961"}],"collection":[{"href":"https:\/\/westys.nl\/de\/wp-json\/wp\/v2\/product"}],"about":[{"href":"https:\/\/westys.nl\/de\/wp-json\/wp\/v2\/types\/product"}],"version-history":[{"count":0,"href":"https:\/\/westys.nl\/de\/wp-json\/wp\/v2\/product\/25961\/revisions"}],"wp:featuredmedia":[{"embeddable":true,"href":"https:\/\/westys.nl\/de\/wp-json\/wp\/v2\/media\/21951"}],"wp:attachment":[{"href":"https:\/\/westys.nl\/de\/wp-json\/wp\/v2\/media?parent=25961"}],"wp:term":[{"taxonomy":"product_cat","embeddable":true,"href":"https:\/\/westys.nl\/de\/wp-json\/wp\/v2\/product_cat?post=25961"},{"taxonomy":"product_tag","embeddable":true,"href":"https:\/\/westys.nl\/de\/wp-json\/wp\/v2\/product_tag?post=25961"}],"curies":[{"name":"wp","href":"https:\/\/api.w.org\/{rel}","templated":true}]}}