{"id":25964,"date":"2022-11-23T13:33:38","date_gmt":"2022-11-23T13:33:38","guid":{"rendered":"https:\/\/westys.nl\/product\/oldtimer-westfalia-anhaenger-essen-modell-187\/"},"modified":"2023-10-03T12:13:58","modified_gmt":"2023-10-03T12:13:58","slug":"oldtimer-westfalia-auflieger-essen-modell-187","status":"publish","type":"product","link":"https:\/\/westys.nl\/de\/product\/oldtimer-westfalia-auflieger-essen-modell-187\/","title":{"rendered":"Oldtimer Westfalia Anh\u00e4nger Essen Modell 1:87"},"content":{"rendered":"<p>Oldtimer Westfalia Anh\u00e4nger Essen Modell 1:87<\/p>\n<p>Wird mit einer zus\u00e4tzlichen Abschleppstange geliefert, die f\u00fcr die meisten 1:87-Modelle passt.<\/p>\n<p>&nbsp;<\/p>\n<p>&nbsp;<\/p>\n","protected":false},"excerpt":{"rendered":"<p>Oldtimer Westfalia Anh\u00e4nger Essen Modell 1:87 Wird mit einer zus\u00e4tzlichen Abschleppstange geliefert, die f\u00fcr die meisten 1:87-Modelle passt. &nbsp; &nbsp;<\/p>\n","protected":false},"featured_media":22074,"template":"","meta":[],"product_cat":[794,758,778,802],"product_tag":[],"_links":{"self":[{"href":"https:\/\/westys.nl\/de\/wp-json\/wp\/v2\/product\/25964"}],"collection":[{"href":"https:\/\/westys.nl\/de\/wp-json\/wp\/v2\/product"}],"about":[{"href":"https:\/\/westys.nl\/de\/wp-json\/wp\/v2\/types\/product"}],"version-history":[{"count":1,"href":"https:\/\/westys.nl\/de\/wp-json\/wp\/v2\/product\/25964\/revisions"}],"predecessor-version":[{"id":25970,"href":"https:\/\/westys.nl\/de\/wp-json\/wp\/v2\/product\/25964\/revisions\/25970"}],"wp:featuredmedia":[{"embeddable":true,"href":"https:\/\/westys.nl\/de\/wp-json\/wp\/v2\/media\/22074"}],"wp:attachment":[{"href":"https:\/\/westys.nl\/de\/wp-json\/wp\/v2\/media?parent=25964"}],"wp:term":[{"taxonomy":"product_cat","embeddable":true,"href":"https:\/\/westys.nl\/de\/wp-json\/wp\/v2\/product_cat?post=25964"},{"taxonomy":"product_tag","embeddable":true,"href":"https:\/\/westys.nl\/de\/wp-json\/wp\/v2\/product_tag?post=25964"}],"curies":[{"name":"wp","href":"https:\/\/api.w.org\/{rel}","templated":true}]}}