{"id":25966,"date":"2022-10-19T12:29:26","date_gmt":"2022-10-19T12:29:26","guid":{"rendered":"https:\/\/westys.nl\/product\/oldtimer-westfalia-anhaenger-abus-schlossfalle-gebraucht\/"},"modified":"2023-10-03T12:13:59","modified_gmt":"2023-10-03T12:13:59","slug":"oldtimer-westfalia-anhaenger-abus-schloss-catcher-gebraucht","status":"publish","type":"product","link":"https:\/\/westys.nl\/de\/product\/oldtimer-westfalia-anhaenger-abus-schloss-catcher-gebraucht\/","title":{"rendered":"Oldtimer Westfalia Anh\u00e4nger Abus Schlossfalle (gebraucht)"},"content":{"rendered":"<p>Gebrauchte Westfalia Abus Schlossfalle. Geeignet f\u00fcr verschiedene Arten von Anh\u00e4ngern und Wohnwagen. Dieses Produkt wurde verwendet. Das bedeutet, dass es Rost, Kratzer und andere Gebrauchsspuren aufweisen kann. Dieses Produkt kann auch eingef\u00e4rbt sein oder Spuren von Farbe enthalten.<\/p>\n","protected":false},"excerpt":{"rendered":"<p>Gebrauchte Westfalia Abus Schlossfalle. Geeignet f\u00fcr verschiedene Arten von Anh\u00e4ngern und Wohnwagen. Dieses Produkt wurde verwendet. Das bedeutet, dass es Rost, Kratzer und andere Gebrauchsspuren aufweisen kann. Dieses Produkt kann auch eingef\u00e4rbt sein oder Spuren von Farbe enthalten.<\/p>\n","protected":false},"featured_media":21942,"template":"","meta":[],"product_cat":[779,776,778,777,688],"product_tag":[],"_links":{"self":[{"href":"https:\/\/westys.nl\/de\/wp-json\/wp\/v2\/product\/25966"}],"collection":[{"href":"https:\/\/westys.nl\/de\/wp-json\/wp\/v2\/product"}],"about":[{"href":"https:\/\/westys.nl\/de\/wp-json\/wp\/v2\/types\/product"}],"version-history":[{"count":1,"href":"https:\/\/westys.nl\/de\/wp-json\/wp\/v2\/product\/25966\/revisions"}],"predecessor-version":[{"id":25972,"href":"https:\/\/westys.nl\/de\/wp-json\/wp\/v2\/product\/25966\/revisions\/25972"}],"wp:featuredmedia":[{"embeddable":true,"href":"https:\/\/westys.nl\/de\/wp-json\/wp\/v2\/media\/21942"}],"wp:attachment":[{"href":"https:\/\/westys.nl\/de\/wp-json\/wp\/v2\/media?parent=25966"}],"wp:term":[{"taxonomy":"product_cat","embeddable":true,"href":"https:\/\/westys.nl\/de\/wp-json\/wp\/v2\/product_cat?post=25966"},{"taxonomy":"product_tag","embeddable":true,"href":"https:\/\/westys.nl\/de\/wp-json\/wp\/v2\/product_tag?post=25966"}],"curies":[{"name":"wp","href":"https:\/\/api.w.org\/{rel}","templated":true}]}}