{"id":25969,"date":"2022-10-18T12:21:05","date_gmt":"2022-10-18T12:21:05","guid":{"rendered":"https:\/\/westys.nl\/product\/oldtimer-westfalia-anhaenger-essen-kennzeichen-seite-rechts-gebraucht\/"},"modified":"2023-10-03T12:14:00","modified_gmt":"2023-10-03T12:14:00","slug":"oldtimer-westfalia-anhaenger-platte-seite-rechts-gebraucht","status":"publish","type":"product","link":"https:\/\/westys.nl\/de\/product\/oldtimer-westfalia-anhaenger-platte-seite-rechts-gebraucht\/","title":{"rendered":"Oldtimer Westfalia Anh\u00e4nger Essen Kennzeichen Seite rechts (gebraucht)"},"content":{"rendered":"<p>Westfalia Essen Anh\u00e4ngerplatte Seite rechts. Dieses Holzbrett ist benutzt worden. Das hei\u00dft, es kann Verf\u00e4rbungen, Kratzer, Aufkleber, L\u00f6cher und andere Gebrauchsspuren aufweisen.<\/p>\n<p>Aufgrund der Abmessungen k\u00f6nnen die Versandkosten h\u00f6her sein als im Webshop angegeben. Wenn Sie keine \u00dcberraschungen w\u00fcnschen, rufen Sie bitte vorher an oder schicken Sie eine E-Mail.<\/p>\n","protected":false},"excerpt":{"rendered":"<p>Westfalia Essen Anh\u00e4ngerplatte Seite rechts. Dieses Holzbrett ist benutzt worden. Das hei\u00dft, es kann Verf\u00e4rbungen, Kratzer, Aufkleber, L\u00f6cher und andere Gebrauchsspuren aufweisen. Aufgrund der Abmessungen k\u00f6nnen die Versandkosten h\u00f6her sein als im Webshop angegeben. Wenn Sie keine \u00dcberraschungen w\u00fcnschen, rufen Sie bitte vorher an oder schicken Sie eine E-Mail.<\/p>\n","protected":false},"featured_media":21918,"template":"","meta":[],"product_cat":[884,778],"product_tag":[],"_links":{"self":[{"href":"https:\/\/westys.nl\/de\/wp-json\/wp\/v2\/product\/25969"}],"collection":[{"href":"https:\/\/westys.nl\/de\/wp-json\/wp\/v2\/product"}],"about":[{"href":"https:\/\/westys.nl\/de\/wp-json\/wp\/v2\/types\/product"}],"version-history":[{"count":1,"href":"https:\/\/westys.nl\/de\/wp-json\/wp\/v2\/product\/25969\/revisions"}],"predecessor-version":[{"id":25977,"href":"https:\/\/westys.nl\/de\/wp-json\/wp\/v2\/product\/25969\/revisions\/25977"}],"wp:featuredmedia":[{"embeddable":true,"href":"https:\/\/westys.nl\/de\/wp-json\/wp\/v2\/media\/21918"}],"wp:attachment":[{"href":"https:\/\/westys.nl\/de\/wp-json\/wp\/v2\/media?parent=25969"}],"wp:term":[{"taxonomy":"product_cat","embeddable":true,"href":"https:\/\/westys.nl\/de\/wp-json\/wp\/v2\/product_cat?post=25969"},{"taxonomy":"product_tag","embeddable":true,"href":"https:\/\/westys.nl\/de\/wp-json\/wp\/v2\/product_tag?post=25969"}],"curies":[{"name":"wp","href":"https:\/\/api.w.org\/{rel}","templated":true}]}}