{"id":25976,"date":"2022-10-20T09:50:45","date_gmt":"2022-10-20T09:50:45","guid":{"rendered":"https:\/\/westys.nl\/product\/oldtimer-westfalia-anhaenger-abus-schlossfaengersperre-gebraucht\/"},"modified":"2022-10-20T09:50:45","modified_gmt":"2022-10-20T09:50:45","slug":"oldtimer-westfalia-anhaenger-abus-schloss-block-gebraucht","status":"publish","type":"product","link":"https:\/\/westys.nl\/de\/product\/oldtimer-westfalia-anhaenger-abus-schloss-block-gebraucht\/","title":{"rendered":"Oldtimer Westfalia Anh\u00e4nger Abus Schlossf\u00e4ngersperre (gebraucht)"},"content":{"rendered":"<p>Gebrauchte Westfalia Abus Schloss F\u00e4nger Block. Geeignet f\u00fcr verschiedene Arten von Anh\u00e4ngern. Dieses Produkt wurde verwendet. Das bedeutet, dass es einige Kratzer und andere Gebrauchsspuren aufweisen kann. Dieses Produkt kann auch eingef\u00e4rbt sein oder Spuren von Farbe enthalten.<\/p>\n","protected":false},"excerpt":{"rendered":"<p>Gebrauchte Westfalia Abus Schloss F\u00e4nger Block. Geeignet f\u00fcr verschiedene Arten von Anh\u00e4ngern. Dieses Produkt wurde verwendet. Das bedeutet, dass es einige Kratzer und andere Gebrauchsspuren aufweisen kann. Dieses Produkt kann auch eingef\u00e4rbt sein oder Spuren von Farbe enthalten.<\/p>\n","protected":false},"featured_media":21945,"template":"","meta":[],"product_cat":[779,776,778],"product_tag":[],"_links":{"self":[{"href":"https:\/\/westys.nl\/de\/wp-json\/wp\/v2\/product\/25976"}],"collection":[{"href":"https:\/\/westys.nl\/de\/wp-json\/wp\/v2\/product"}],"about":[{"href":"https:\/\/westys.nl\/de\/wp-json\/wp\/v2\/types\/product"}],"version-history":[{"count":0,"href":"https:\/\/westys.nl\/de\/wp-json\/wp\/v2\/product\/25976\/revisions"}],"wp:featuredmedia":[{"embeddable":true,"href":"https:\/\/westys.nl\/de\/wp-json\/wp\/v2\/media\/21945"}],"wp:attachment":[{"href":"https:\/\/westys.nl\/de\/wp-json\/wp\/v2\/media?parent=25976"}],"wp:term":[{"taxonomy":"product_cat","embeddable":true,"href":"https:\/\/westys.nl\/de\/wp-json\/wp\/v2\/product_cat?post=25976"},{"taxonomy":"product_tag","embeddable":true,"href":"https:\/\/westys.nl\/de\/wp-json\/wp\/v2\/product_tag?post=25976"}],"curies":[{"name":"wp","href":"https:\/\/api.w.org\/{rel}","templated":true}]}}