{"id":25978,"date":"2022-10-19T12:07:04","date_gmt":"2022-10-19T12:07:04","guid":{"rendered":"https:\/\/westys.nl\/product\/oldtimer-westfalia-anhaenger-essen-verdeckrahmenbogen\/"},"modified":"2022-10-19T12:07:04","modified_gmt":"2022-10-19T12:07:04","slug":"oldtimer-westfalia-anhanger-liegeplatz-rahmen-bogen","status":"publish","type":"product","link":"https:\/\/westys.nl\/de\/product\/oldtimer-westfalia-anhanger-liegeplatz-rahmen-bogen\/","title":{"rendered":"Oldtimer Westfalia Anh\u00e4nger Essen Verdeckrahmenbogen"},"content":{"rendered":"<p>Oldtimer Westfalia Anh\u00e4ngerbogen f\u00fcr Motorhaube ist ein gebrauchtes Produkt. Das bedeutet, dass es m\u00f6glicherweise eine Form von Farbe, Rost, Kratzern und anderen Gebrauchsspuren aufweist. Farbe und Gebrauchsspuren k\u00f6nnen vom Foto abweichen.<\/p>\n","protected":false},"excerpt":{"rendered":"<p>Oldtimer Westfalia Anh\u00e4ngerbogen f\u00fcr Motorhaube ist ein gebrauchtes Produkt. Das bedeutet, dass es m\u00f6glicherweise eine Form von Farbe, Rost, Kratzern und anderen Gebrauchsspuren aufweist. Farbe und Gebrauchsspuren k\u00f6nnen vom Foto abweichen.<\/p>\n","protected":false},"featured_media":22680,"template":"","meta":[],"product_cat":[759,758,778],"product_tag":[],"_links":{"self":[{"href":"https:\/\/westys.nl\/de\/wp-json\/wp\/v2\/product\/25978"}],"collection":[{"href":"https:\/\/westys.nl\/de\/wp-json\/wp\/v2\/product"}],"about":[{"href":"https:\/\/westys.nl\/de\/wp-json\/wp\/v2\/types\/product"}],"version-history":[{"count":0,"href":"https:\/\/westys.nl\/de\/wp-json\/wp\/v2\/product\/25978\/revisions"}],"wp:featuredmedia":[{"embeddable":true,"href":"https:\/\/westys.nl\/de\/wp-json\/wp\/v2\/media\/22680"}],"wp:attachment":[{"href":"https:\/\/westys.nl\/de\/wp-json\/wp\/v2\/media?parent=25978"}],"wp:term":[{"taxonomy":"product_cat","embeddable":true,"href":"https:\/\/westys.nl\/de\/wp-json\/wp\/v2\/product_cat?post=25978"},{"taxonomy":"product_tag","embeddable":true,"href":"https:\/\/westys.nl\/de\/wp-json\/wp\/v2\/product_tag?post=25978"}],"curies":[{"name":"wp","href":"https:\/\/api.w.org\/{rel}","templated":true}]}}