{"id":25983,"date":"2022-10-18T09:19:18","date_gmt":"2022-10-18T09:19:18","guid":{"rendered":"https:\/\/westys.nl\/product\/oldtimer-westfalia-anhaengerkupplungstraeger-gebraucht\/"},"modified":"2022-10-18T09:19:18","modified_gmt":"2022-10-18T09:19:18","slug":"oldtimer-westfalia-anhaenger-kupplungsstuetze-gebraucht","status":"publish","type":"product","link":"https:\/\/westys.nl\/de\/product\/oldtimer-westfalia-anhaenger-kupplungsstuetze-gebraucht\/","title":{"rendered":"Oldtimer Westfalia Anh\u00e4ngerkupplungstr\u00e4ger (gebraucht)"},"content":{"rendered":"<p>Die Westfalia Anh\u00e4ngerkupplungsst\u00fctze ist ein originales Gebrauchtteil. Das bedeutet, dass es eine leichte Form von Kratzern, Rost, Farbe und anderen Gebrauchsspuren aufweisen kann. Der Tr\u00e4ger kann in Bezug auf Farbe und Gebrauchsspuren vom Foto abweichen.<\/p>\n<p>&nbsp;<\/p>\n","protected":false},"excerpt":{"rendered":"<p>Die Westfalia Anh\u00e4ngerkupplungsst\u00fctze ist ein originales Gebrauchtteil. Das bedeutet, dass es eine leichte Form von Kratzern, Rost, Farbe und anderen Gebrauchsspuren aufweisen kann. Der Tr\u00e4ger kann in Bezug auf Farbe und Gebrauchsspuren vom Foto abweichen. &nbsp;<\/p>\n","protected":false},"featured_media":21906,"template":"","meta":[],"product_cat":[790,692,695,776,693,698,703,778,686,687,896,795,696,706,702,707,699,705,777,701,694,700,697,689,728,690,704,688],"product_tag":[],"_links":{"self":[{"href":"https:\/\/westys.nl\/de\/wp-json\/wp\/v2\/product\/25983"}],"collection":[{"href":"https:\/\/westys.nl\/de\/wp-json\/wp\/v2\/product"}],"about":[{"href":"https:\/\/westys.nl\/de\/wp-json\/wp\/v2\/types\/product"}],"version-history":[{"count":0,"href":"https:\/\/westys.nl\/de\/wp-json\/wp\/v2\/product\/25983\/revisions"}],"wp:featuredmedia":[{"embeddable":true,"href":"https:\/\/westys.nl\/de\/wp-json\/wp\/v2\/media\/21906"}],"wp:attachment":[{"href":"https:\/\/westys.nl\/de\/wp-json\/wp\/v2\/media?parent=25983"}],"wp:term":[{"taxonomy":"product_cat","embeddable":true,"href":"https:\/\/westys.nl\/de\/wp-json\/wp\/v2\/product_cat?post=25983"},{"taxonomy":"product_tag","embeddable":true,"href":"https:\/\/westys.nl\/de\/wp-json\/wp\/v2\/product_tag?post=25983"}],"curies":[{"name":"wp","href":"https:\/\/api.w.org\/{rel}","templated":true}]}}