{"id":25989,"date":"2021-11-10T14:35:10","date_gmt":"2021-11-10T14:35:10","guid":{"rendered":"https:\/\/westys.nl\/product\/oldtimer-westfalia-anhaenger-ruecklicht-typ-1-links-komplett\/"},"modified":"2023-10-03T12:14:26","modified_gmt":"2023-10-03T12:14:26","slug":"oldtimer-westfalia-anhanger-ruckleuchte-typ-1-links-komplett","status":"publish","type":"product","link":"https:\/\/westys.nl\/de\/product\/oldtimer-westfalia-anhanger-ruckleuchte-typ-1-links-komplett\/","title":{"rendered":"Oldtimer Westfalia Anh\u00e4nger R\u00fccklicht Typ 1 links komplett"},"content":{"rendered":"<p>Westfalia Essen R\u00fccklicht Typ 1 links komplett. Wird ohne Lampen geliefert.<\/p>\n<p>Dieses R\u00fccklicht wird unter anderem f\u00fcr die j\u00fcngeren Essen-Anh\u00e4nger verwendet.<\/p>\n","protected":false},"excerpt":{"rendered":"<p>Westfalia Essen R\u00fccklicht Typ 1 links komplett. Wird ohne Lampen geliefert. Dieses R\u00fccklicht wird unter anderem f\u00fcr die j\u00fcngeren Essen-Anh\u00e4nger verwendet.<\/p>\n","protected":false},"featured_media":21786,"template":"","meta":[],"product_cat":[796,778],"product_tag":[],"_links":{"self":[{"href":"https:\/\/westys.nl\/de\/wp-json\/wp\/v2\/product\/25989"}],"collection":[{"href":"https:\/\/westys.nl\/de\/wp-json\/wp\/v2\/product"}],"about":[{"href":"https:\/\/westys.nl\/de\/wp-json\/wp\/v2\/types\/product"}],"version-history":[{"count":1,"href":"https:\/\/westys.nl\/de\/wp-json\/wp\/v2\/product\/25989\/revisions"}],"predecessor-version":[{"id":26002,"href":"https:\/\/westys.nl\/de\/wp-json\/wp\/v2\/product\/25989\/revisions\/26002"}],"wp:featuredmedia":[{"embeddable":true,"href":"https:\/\/westys.nl\/de\/wp-json\/wp\/v2\/media\/21786"}],"wp:attachment":[{"href":"https:\/\/westys.nl\/de\/wp-json\/wp\/v2\/media?parent=25989"}],"wp:term":[{"taxonomy":"product_cat","embeddable":true,"href":"https:\/\/westys.nl\/de\/wp-json\/wp\/v2\/product_cat?post=25989"},{"taxonomy":"product_tag","embeddable":true,"href":"https:\/\/westys.nl\/de\/wp-json\/wp\/v2\/product_tag?post=25989"}],"curies":[{"name":"wp","href":"https:\/\/api.w.org\/{rel}","templated":true}]}}