{"id":25991,"date":"2021-11-08T11:20:20","date_gmt":"2021-11-08T11:20:20","guid":{"rendered":"https:\/\/westys.nl\/product\/oldtimer-westfalia-wohnwagen-windschutzscheibe-faenger-gebraucht\/"},"modified":"2023-10-03T12:14:24","modified_gmt":"2023-10-03T12:14:24","slug":"oldtimer-westfalia-wohnwagen-fenster-catcher-gebraucht","status":"publish","type":"product","link":"https:\/\/westys.nl\/de\/product\/oldtimer-westfalia-wohnwagen-fenster-catcher-gebraucht\/","title":{"rendered":"Oldtimer Westfalia Wohnwagen Windschutzscheibe F\u00e4nger (Gebraucht)"},"content":{"rendered":"<p>Der Westfalia Caravan-Fensterf\u00e4nger ist ein Originalprodukt und wird in Wohnwagen eingesetzt. Dieser Fensterf\u00e4nger wurde bereits benutzt. Das bedeutet, dass es leichte Gebrauchsspuren wie Oxidation, Kratzer, Farbe usw. aufweisen kann.<\/p>\n<p>&nbsp;<\/p>\n","protected":false},"excerpt":{"rendered":"<p>Der Westfalia Caravan-Fensterf\u00e4nger ist ein Originalprodukt und wird in Wohnwagen eingesetzt. Dieser Fensterf\u00e4nger wurde bereits benutzt. Das bedeutet, dass es leichte Gebrauchsspuren wie Oxidation, Kratzer, Farbe usw. aufweisen kann. &nbsp;<\/p>\n","protected":false},"featured_media":22176,"template":"","meta":[],"product_cat":[813,690,688],"product_tag":[],"_links":{"self":[{"href":"https:\/\/westys.nl\/de\/wp-json\/wp\/v2\/product\/25991"}],"collection":[{"href":"https:\/\/westys.nl\/de\/wp-json\/wp\/v2\/product"}],"about":[{"href":"https:\/\/westys.nl\/de\/wp-json\/wp\/v2\/types\/product"}],"version-history":[{"count":1,"href":"https:\/\/westys.nl\/de\/wp-json\/wp\/v2\/product\/25991\/revisions"}],"predecessor-version":[{"id":25999,"href":"https:\/\/westys.nl\/de\/wp-json\/wp\/v2\/product\/25991\/revisions\/25999"}],"wp:featuredmedia":[{"embeddable":true,"href":"https:\/\/westys.nl\/de\/wp-json\/wp\/v2\/media\/22176"}],"wp:attachment":[{"href":"https:\/\/westys.nl\/de\/wp-json\/wp\/v2\/media?parent=25991"}],"wp:term":[{"taxonomy":"product_cat","embeddable":true,"href":"https:\/\/westys.nl\/de\/wp-json\/wp\/v2\/product_cat?post=25991"},{"taxonomy":"product_tag","embeddable":true,"href":"https:\/\/westys.nl\/de\/wp-json\/wp\/v2\/product_tag?post=25991"}],"curies":[{"name":"wp","href":"https:\/\/api.w.org\/{rel}","templated":true}]}}