{"id":26000,"date":"2021-11-10T10:56:51","date_gmt":"2021-11-10T10:56:51","guid":{"rendered":"https:\/\/westys.nl\/product\/oldtimer-westfalia-anhaenger-400-x-8-zoll-radlager-o47-o17\/"},"modified":"2021-11-10T10:56:51","modified_gmt":"2021-11-10T10:56:51","slug":"oldtimer-westfalia-auflieger-4-00-x-8-zoll-radlager","status":"publish","type":"product","link":"https:\/\/westys.nl\/de\/product\/oldtimer-westfalia-auflieger-4-00-x-8-zoll-radlager\/","title":{"rendered":"Oldtimer Westfalia Anh\u00e4nger 4,00 x 8-Zoll Radlager \u00f847-\u00f817"},"content":{"rendered":"<p>Westfalia Essen Radlager \u00f847.<br \/>\nDas Lager hat die Abmessungen \u00f847-\u00f817 mm und ist 14 mm dick.<\/p>\n","protected":false},"excerpt":{"rendered":"<p>Westfalia Essen Radlager \u00f847. Das Lager hat die Abmessungen \u00f847-\u00f817 mm und ist 14 mm dick.<\/p>\n","protected":false},"featured_media":21732,"template":"","meta":[],"product_cat":[811,756,778],"product_tag":[],"_links":{"self":[{"href":"https:\/\/westys.nl\/de\/wp-json\/wp\/v2\/product\/26000"}],"collection":[{"href":"https:\/\/westys.nl\/de\/wp-json\/wp\/v2\/product"}],"about":[{"href":"https:\/\/westys.nl\/de\/wp-json\/wp\/v2\/types\/product"}],"version-history":[{"count":0,"href":"https:\/\/westys.nl\/de\/wp-json\/wp\/v2\/product\/26000\/revisions"}],"wp:featuredmedia":[{"embeddable":true,"href":"https:\/\/westys.nl\/de\/wp-json\/wp\/v2\/media\/21732"}],"wp:attachment":[{"href":"https:\/\/westys.nl\/de\/wp-json\/wp\/v2\/media?parent=26000"}],"wp:term":[{"taxonomy":"product_cat","embeddable":true,"href":"https:\/\/westys.nl\/de\/wp-json\/wp\/v2\/product_cat?post=26000"},{"taxonomy":"product_tag","embeddable":true,"href":"https:\/\/westys.nl\/de\/wp-json\/wp\/v2\/product_tag?post=26000"}],"curies":[{"name":"wp","href":"https:\/\/api.w.org\/{rel}","templated":true}]}}